{"id":812,"date":"2019-10-14T14:39:22","date_gmt":"2019-10-14T12:39:22","guid":{"rendered":"http:\/\/stenhammar.hamstage.hamrenmedia.se\/for-deltagare\/"},"modified":"2022-02-25T15:03:04","modified_gmt":"2022-02-25T14:03:04","slug":"for-deltagare","status":"publish","type":"page","link":"https:\/\/www.stenhammarcompetition.se\/sv\/aktuell-tavling\/for-deltagare\/","title":{"rendered":"F\u00f6r deltagare"},"content":{"rendered":"\t\t<div data-elementor-type=\"wp-page\" data-elementor-id=\"812\" class=\"elementor elementor-812 elementor-30\">\n\t\t\t\t\t\t<div class=\"elementor-inner\">\n\t\t\t\t<div class=\"elementor-section-wrap\">\n\t\t\t\t\t\t\t\t\t<section class=\"elementor-section elementor-top-section elementor-element elementor-element-b4213eb top-section subpage elementor-section-boxed elementor-section-height-default elementor-section-height-default\" data-id=\"b4213eb\" data-element_type=\"section\" data-settings=\"{&quot;background_background&quot;:&quot;classic&quot;}\">\n\t\t\t\t\t\t<div class=\"elementor-container elementor-column-gap-default\">\n\t\t\t\t\t\t\t<div class=\"elementor-row\">\n\t\t\t\t\t<div class=\"elementor-column elementor-col-100 elementor-top-column elementor-element elementor-element-5ca3c02 top-image\" data-id=\"5ca3c02\" data-element_type=\"column\" data-settings=\"{&quot;background_background&quot;:&quot;classic&quot;}\">\n\t\t\t<div class=\"elementor-column-wrap elementor-element-populated\">\n\t\t\t\t\t\t\t<div class=\"elementor-widget-wrap\">\n\t\t\t\t\t\t<div class=\"elementor-element elementor-element-1b8ef563 elementor-widget elementor-widget-breadcrumbs\" data-id=\"1b8ef563\" data-element_type=\"widget\" data-widget_type=\"breadcrumbs.default\">\n\t\t\t\t<div class=\"elementor-widget-container\">\n\t\t\t<p id=\"breadcrumbs\"><span><span><a href=\"https:\/\/www.stenhammarcompetition.se\/sv\/\">WSIMC<\/a><\/span><\/span><\/p>\t\t<\/div>\n\t\t\t\t<\/div>\n\t\t\t\t<div class=\"elementor-element elementor-element-778dc70c light-button elementor-widget elementor-widget-button\" data-id=\"778dc70c\" data-element_type=\"widget\" data-widget_type=\"button.default\">\n\t\t\t\t<div class=\"elementor-widget-container\">\n\t\t\t\t\t<div class=\"elementor-button-wrapper\">\n\t\t\t<a href=\"#info-sv\" class=\"elementor-button-link elementor-button elementor-size-sm\" role=\"button\">\n\t\t\t\t\t\t<span class=\"elementor-button-content-wrapper\">\n\t\t\t\t\t\t\t<span class=\"elementor-button-icon elementor-align-icon-left\">\n\t\t\t\t<i aria-hidden=\"true\" class=\"fas fa-long-arrow-alt-down\"><\/i>\t\t\t<\/span>\n\t\t\t\t\t\t<span class=\"elementor-button-text\">Information f\u00f6r deltagare<\/span>\n\t\t<\/span>\n\t\t\t\t\t<\/a>\n\t\t<\/div>\n\t\t\t\t<\/div>\n\t\t\t\t<\/div>\n\t\t\t\t\t\t<\/div>\n\t\t\t\t\t<\/div>\n\t\t<\/div>\n\t\t\t\t\t\t\t\t<\/div>\n\t\t\t\t\t<\/div>\n\t\t<\/section>\n\t\t\t\t<section class=\"elementor-section elementor-top-section elementor-element elementor-element-80fccdd ingress-section narrow top-section subpage elementor-section-boxed elementor-section-height-default elementor-section-height-default\" data-id=\"80fccdd\" data-element_type=\"section\" id=\"info\">\n\t\t\t\t\t\t<div class=\"elementor-container elementor-column-gap-default\">\n\t\t\t\t\t\t\t<div class=\"elementor-row\">\n\t\t\t\t\t<div class=\"elementor-column elementor-col-66 elementor-top-column elementor-element elementor-element-567aa7e1\" data-id=\"567aa7e1\" data-element_type=\"column\">\n\t\t\t<div class=\"elementor-column-wrap elementor-element-populated\">\n\t\t\t\t\t\t\t<div class=\"elementor-widget-wrap\">\n\t\t\t\t\t\t<div class=\"elementor-element elementor-element-65fe24ce elementor-widget elementor-widget-heading\" data-id=\"65fe24ce\" data-element_type=\"widget\" data-widget_type=\"heading.default\">\n\t\t\t\t<div class=\"elementor-widget-container\">\n\t\t\t<h1 class=\"elementor-heading-title elementor-size-default\">Praktisk information f\u00f6r deltagare<\/h1>\t\t<\/div>\n\t\t\t\t<\/div>\n\t\t\t\t<div class=\"elementor-element elementor-element-3ae135eb pre elementor-widget elementor-widget-text-editor\" data-id=\"3ae135eb\" data-element_type=\"widget\" data-widget_type=\"text-editor.default\">\n\t\t\t\t<div class=\"elementor-widget-container\">\n\t\t\t\t\t\t\t\t<div class=\"elementor-text-editor elementor-clearfix\">\n\t\t\t\t<p>L\u00e4s om om boende i Norrk\u00f6ping f\u00f6r t\u00e4vlande, resan hit och de matkuponger vi delar ut till medverkande.<\/p>\n\t\t\t\t\t<\/div>\n\t\t\t\t\t\t<\/div>\n\t\t\t\t<\/div>\n\t\t\t\t\t\t<\/div>\n\t\t\t\t\t<\/div>\n\t\t<\/div>\n\t\t\t\t<div class=\"elementor-column elementor-col-33 elementor-top-column elementor-element elementor-element-72597d5c feather\" data-id=\"72597d5c\" data-element_type=\"column\">\n\t\t\t<div class=\"elementor-column-wrap elementor-element-populated\">\n\t\t\t\t\t\t\t<div class=\"elementor-widget-wrap\">\n\t\t\t\t\t\t<div class=\"elementor-element elementor-element-7b09dfad elementor-widget elementor-widget-image\" data-id=\"7b09dfad\" data-element_type=\"widget\" data-widget_type=\"image.default\">\n\t\t\t\t<div class=\"elementor-widget-container\">\n\t\t\t\t\t\t\t\t<div class=\"elementor-image\">\n\t\t\t\t\t\t\t\t\t\t\t\t<img decoding=\"async\" width=\"144\" height=\"336\" src=\"https:\/\/www.stenhammarcompetition.se\/wp-content\/uploads\/2019\/09\/feather.png\" class=\"attachment-large size-large wp-image-174\" alt=\"Stenhammar logo feather\" loading=\"lazy\" srcset=\"https:\/\/www.stenhammarcompetition.se\/wp-content\/uploads\/2019\/09\/feather.png 144w, https:\/\/www.stenhammarcompetition.se\/wp-content\/uploads\/2019\/09\/feather-129x300.png 129w\" sizes=\"(max-width: 144px) 100vw, 144px\" \/>\t\t\t\t\t\t\t\t\t\t\t\t\t\t<\/div>\n\t\t\t\t\t\t<\/div>\n\t\t\t\t<\/div>\n\t\t\t\t\t\t<\/div>\n\t\t\t\t\t<\/div>\n\t\t<\/div>\n\t\t\t\t\t\t\t\t<\/div>\n\t\t\t\t\t<\/div>\n\t\t<\/section>\n\t\t\t\t<section class=\"elementor-section elementor-top-section elementor-element elementor-element-db4e2cf narrow two-col elementor-section-boxed elementor-section-height-default elementor-section-height-default\" data-id=\"db4e2cf\" data-element_type=\"section\" id=\"info-sv\">\n\t\t\t\t\t\t<div class=\"elementor-container elementor-column-gap-default\">\n\t\t\t\t\t\t\t<div class=\"elementor-row\">\n\t\t\t\t\t<div class=\"elementor-column elementor-col-100 elementor-top-column elementor-element elementor-element-d9525f3\" data-id=\"d9525f3\" data-element_type=\"column\">\n\t\t\t<div class=\"elementor-column-wrap elementor-element-populated\">\n\t\t\t\t\t\t\t<div class=\"elementor-widget-wrap\">\n\t\t\t\t\t\t<div class=\"elementor-element elementor-element-5929429 elementor-widget elementor-widget-heading\" data-id=\"5929429\" data-element_type=\"widget\" data-widget_type=\"heading.default\">\n\t\t\t\t<div class=\"elementor-widget-container\">\n\t\t\t<h2 class=\"elementor-heading-title elementor-size-default\">Resa, mat och boende<\/h2>\t\t<\/div>\n\t\t\t\t<\/div>\n\t\t\t\t<div class=\"elementor-element elementor-element-f794a83 elementor-widget elementor-widget-text-editor\" data-id=\"f794a83\" data-element_type=\"widget\" data-widget_type=\"text-editor.default\">\n\t\t\t\t<div class=\"elementor-widget-container\">\n\t\t\t\t\t\t\t\t<div class=\"elementor-text-editor elementor-clearfix\">\n\t\t\t\t<h3>Boende<\/h3><p><strong>V\u00e4rdfamilj<\/strong><br \/>De s\u00e5ngare som antagits till t\u00e4vlingen, kan i viss utstr\u00e4ckning inkvarteras kostnadsfritt i privathem i Norrk\u00f6ping. Inkvarteringen b\u00f6rjar tidigast tv\u00e5 dagar f\u00f6re t\u00e4vlingen och upph\u00f6r senast dagen efter finalkonserten. Frukost ing\u00e5r i inkvarteringen. Kostnadsfri inkvartering g\u00e4ller endast f\u00f6r deltagande s\u00e5ngare. Information om hotell kan erh\u00e5llas fr\u00e5n t\u00e4vlingens sekretariat.<\/p><p><strong>Hotell<\/strong><br \/>WSIMC har avtal med Best Western Hotel Princess, Skomakaregatan 13, Norrk\u00f6ping. Hotellet ligger n\u00e4ra konserthuset (2 min). Specialpris f\u00f6r deltagande s\u00e5ngare. Bokningen m\u00e5ste g\u00f6ras av WSIMC. Alla hotellkostnader betalas av den t\u00e4vlande direkt till hotellet.<\/p><p>Du kan hitta flera hotell p\u00e5 <a href=\"http:\/\/www.upplev.norrkoping.se\" target=\"_blank\" rel=\"noopener\">www.upplev.norrkoping.se<\/a><\/p><h3>Matkuponger<\/h3><p>Matkuponger f\u00f6r lunch utdelas till deltagarna vid registreringen \u2013 en kupong per dag f\u00f6r de omg\u00e5ngar och final som s\u00e5ngarna deltar aktivt i.<\/p><h3>Resa till Norrk\u00f6ping<\/h3><p><strong>Flyg<\/strong><br \/>Link\u00f6pings Flygplats ligger 45 km fr\u00e5n Norrk\u00f6ping och har daglig f\u00f6rbindelse via KLM med Amsterdam. Mer information p\u00e5 <a href=\"https:\/\/www.linkopingcityairport.se\/\" target=\"_blank\" rel=\"noopener\">linkopingcityairport.se<\/a><\/p><p>Stockholm Arlanda \u00e4r Sveriges st\u00f6rsta flygplats och ligger c:a 220 km fr\u00e5n Norrk\u00f6ping. Mer information p\u00e5 <a href=\"https:\/\/www.swedavia.se\/arlanda\/\" target=\"_blank\" rel=\"noopener\">swedavia.se\/arlanda\/<\/a><\/p><p>Stockholm Skavsta ligger c:a 70 km norr om Norrk\u00f6ping. Skavsta Airport har goda f\u00f6rbindelser med Wizz Air till Budapest, Warzava, Krakow, Vilnius samt n\u00e5gra andra destinationer. Mer information p\u00e5 <a href=\"http:\/\/www.skavsta.se\" target=\"_blank\" rel=\"noopener\">skavsta.se<\/a>.<\/p><p><strong>T\u00e5g<\/strong><br \/>SJ transporterar passagerare till Norrk\u00f6pings Central fr\u00e5n m\u00e5nga platser i Sverige. Det \u00e4r ocks\u00e5 m\u00f6jligt att ta t\u00e5g direkt fr\u00e5n Arlanda flygplats till Norrk\u00f6ping. Mer information p\u00e5 <a href=\"http:\/\/www.sj.se\" target=\"_blank\" rel=\"noopener\">sj.se<\/a>.<\/p><p><strong>Buss<\/strong><\/p><p>Med Flixbus kan du \u00e5ka till och fr\u00e5n Norrk\u00f6ping billigt och bekv\u00e4mt fr\u00e5n 150 platser i Sverige. Mer information <a href=\"http:\/\/www.flixbus.se\" target=\"_blank\" rel=\"noopener\">flixbus.se<\/a><\/p>\t\t\t\t\t<\/div>\n\t\t\t\t\t\t<\/div>\n\t\t\t\t<\/div>\n\t\t\t\t\t\t<\/div>\n\t\t\t\t\t<\/div>\n\t\t<\/div>\n\t\t\t\t\t\t\t\t<\/div>\n\t\t\t\t\t<\/div>\n\t\t<\/section>\n\t\t\t\t\t\t\t\t\t<\/div>\n\t\t\t<\/div>\n\t\t\t\t\t<\/div>\n\t\t","protected":false},"excerpt":{"rendered":"<p>Information f\u00f6r deltagare Praktisk information f\u00f6r deltagare L\u00e4s om om boende i Norrk\u00f6ping f\u00f6r t\u00e4vlande, resan hit och de matkuponger vi delar ut till medverkande. Resa, mat och boende Boende V\u00e4rdfamiljDe s\u00e5ngare som antagits till t\u00e4vlingen, kan i viss utstr\u00e4ckning inkvarteras kostnadsfritt i privathem i Norrk\u00f6ping. Inkvarteringen b\u00f6rjar tidigast tv\u00e5 dagar f\u00f6re t\u00e4vlingen och upph\u00f6r [&hellip;]<\/p>\n","protected":false},"author":1,"featured_media":0,"parent":1115,"menu_order":0,"comment_status":"closed","ping_status":"closed","template":"","meta":[],"acf":[],"yoast_head":"<!-- This site is optimized with the Yoast SEO plugin v20.9 - https:\/\/yoast.com\/wordpress\/plugins\/seo\/ -->\n<title>F\u00f6r deltagare - WSIMC<\/title>\n<meta name=\"description\" content=\"H\u00e4r hittar du information som deltagare i Stenhammart\u00e4vlingen. Hur du kan ta dig hit, matkuponger, boende och annat. V\u00e4lkommen till WSIMC!\" \/>\n<meta name=\"robots\" content=\"index, follow, max-snippet:-1, max-image-preview:large, max-video-preview:-1\" \/>\n<link rel=\"canonical\" href=\"https:\/\/www.stenhammarcompetition.se\/sv\/aktuell-tavling\/for-deltagare\/\" \/>\n<meta property=\"og:locale\" content=\"sv_SE\" \/>\n<meta property=\"og:type\" content=\"article\" \/>\n<meta property=\"og:title\" content=\"F\u00f6r deltagare - WSIMC\" \/>\n<meta property=\"og:description\" content=\"H\u00e4r hittar du information som deltagare i Stenhammart\u00e4vlingen. Hur du kan ta dig hit, matkuponger, boende och annat. V\u00e4lkommen till WSIMC!\" \/>\n<meta property=\"og:url\" content=\"https:\/\/www.stenhammarcompetition.se\/sv\/aktuell-tavling\/for-deltagare\/\" \/>\n<meta property=\"og:site_name\" content=\"WSIMC\" \/>\n<meta property=\"article:modified_time\" content=\"2022-02-25T14:03:04+00:00\" \/>\n<meta property=\"og:image\" content=\"https:\/\/www.stenhammarcompetition.se\/wp-content\/uploads\/2019\/09\/feather.png\" \/>\n<meta name=\"twitter:card\" content=\"summary_large_image\" \/>\n<meta name=\"twitter:label1\" content=\"Ber\u00e4knad l\u00e4stid\" \/>\n\t<meta name=\"twitter:data1\" content=\"2 minuter\" \/>\n<script type=\"application\/ld+json\" class=\"yoast-schema-graph\">{\"@context\":\"https:\/\/schema.org\",\"@graph\":[{\"@type\":\"WebPage\",\"@id\":\"https:\/\/www.stenhammarcompetition.se\/sv\/aktuell-tavling\/for-deltagare\/\",\"url\":\"https:\/\/www.stenhammarcompetition.se\/sv\/aktuell-tavling\/for-deltagare\/\",\"name\":\"F\u00f6r deltagare - WSIMC\",\"isPartOf\":{\"@id\":\"https:\/\/www.stenhammarcompetition.se\/sv\/#website\"},\"datePublished\":\"2019-10-14T12:39:22+00:00\",\"dateModified\":\"2022-02-25T14:03:04+00:00\",\"description\":\"H\u00e4r hittar du information som deltagare i Stenhammart\u00e4vlingen. Hur du kan ta dig hit, matkuponger, boende och annat. V\u00e4lkommen till WSIMC!\",\"breadcrumb\":{\"@id\":\"https:\/\/www.stenhammarcompetition.se\/sv\/aktuell-tavling\/for-deltagare\/#breadcrumb\"},\"inLanguage\":\"sv-SE\",\"potentialAction\":[{\"@type\":\"ReadAction\",\"target\":[\"https:\/\/www.stenhammarcompetition.se\/sv\/aktuell-tavling\/for-deltagare\/\"]}]},{\"@type\":\"BreadcrumbList\",\"@id\":\"https:\/\/www.stenhammarcompetition.se\/sv\/aktuell-tavling\/for-deltagare\/#breadcrumb\",\"itemListElement\":[{\"@type\":\"ListItem\",\"position\":1,\"name\":\"WSIMC\",\"item\":\"https:\/\/www.stenhammarcompetition.se\/sv\/\"},{\"@type\":\"ListItem\",\"position\":2,\"name\":\"Aktuell t\u00e4vling\",\"item\":\"https:\/\/www.stenhammarcompetition.se\/sv\/aktuell-tavling\/\"},{\"@type\":\"ListItem\",\"position\":3,\"name\":\"F\u00f6r deltagare\"}]},{\"@type\":\"WebSite\",\"@id\":\"https:\/\/www.stenhammarcompetition.se\/sv\/#website\",\"url\":\"https:\/\/www.stenhammarcompetition.se\/sv\/\",\"name\":\"WSIMC\",\"description\":\"Wilhelm Stenhammar International Music Competition\",\"potentialAction\":[{\"@type\":\"SearchAction\",\"target\":{\"@type\":\"EntryPoint\",\"urlTemplate\":\"https:\/\/www.stenhammarcompetition.se\/sv\/?s={search_term_string}\"},\"query-input\":\"required name=search_term_string\"}],\"inLanguage\":\"sv-SE\"}]}<\/script>\n<!-- \/ Yoast SEO plugin. -->","yoast_head_json":{"title":"F\u00f6r deltagare - WSIMC","description":"H\u00e4r hittar du information som deltagare i Stenhammart\u00e4vlingen. Hur du kan ta dig hit, matkuponger, boende och annat. V\u00e4lkommen till WSIMC!","robots":{"index":"index","follow":"follow","max-snippet":"max-snippet:-1","max-image-preview":"max-image-preview:large","max-video-preview":"max-video-preview:-1"},"canonical":"https:\/\/www.stenhammarcompetition.se\/sv\/aktuell-tavling\/for-deltagare\/","og_locale":"sv_SE","og_type":"article","og_title":"F\u00f6r deltagare - WSIMC","og_description":"H\u00e4r hittar du information som deltagare i Stenhammart\u00e4vlingen. Hur du kan ta dig hit, matkuponger, boende och annat. V\u00e4lkommen till WSIMC!","og_url":"https:\/\/www.stenhammarcompetition.se\/sv\/aktuell-tavling\/for-deltagare\/","og_site_name":"WSIMC","article_modified_time":"2022-02-25T14:03:04+00:00","og_image":[{"url":"https:\/\/www.stenhammarcompetition.se\/wp-content\/uploads\/2019\/09\/feather.png"}],"twitter_card":"summary_large_image","twitter_misc":{"Ber\u00e4knad l\u00e4stid":"2 minuter"},"schema":{"@context":"https:\/\/schema.org","@graph":[{"@type":"WebPage","@id":"https:\/\/www.stenhammarcompetition.se\/sv\/aktuell-tavling\/for-deltagare\/","url":"https:\/\/www.stenhammarcompetition.se\/sv\/aktuell-tavling\/for-deltagare\/","name":"F\u00f6r deltagare - WSIMC","isPartOf":{"@id":"https:\/\/www.stenhammarcompetition.se\/sv\/#website"},"datePublished":"2019-10-14T12:39:22+00:00","dateModified":"2022-02-25T14:03:04+00:00","description":"H\u00e4r hittar du information som deltagare i Stenhammart\u00e4vlingen. Hur du kan ta dig hit, matkuponger, boende och annat. V\u00e4lkommen till WSIMC!","breadcrumb":{"@id":"https:\/\/www.stenhammarcompetition.se\/sv\/aktuell-tavling\/for-deltagare\/#breadcrumb"},"inLanguage":"sv-SE","potentialAction":[{"@type":"ReadAction","target":["https:\/\/www.stenhammarcompetition.se\/sv\/aktuell-tavling\/for-deltagare\/"]}]},{"@type":"BreadcrumbList","@id":"https:\/\/www.stenhammarcompetition.se\/sv\/aktuell-tavling\/for-deltagare\/#breadcrumb","itemListElement":[{"@type":"ListItem","position":1,"name":"WSIMC","item":"https:\/\/www.stenhammarcompetition.se\/sv\/"},{"@type":"ListItem","position":2,"name":"Aktuell t\u00e4vling","item":"https:\/\/www.stenhammarcompetition.se\/sv\/aktuell-tavling\/"},{"@type":"ListItem","position":3,"name":"F\u00f6r deltagare"}]},{"@type":"WebSite","@id":"https:\/\/www.stenhammarcompetition.se\/sv\/#website","url":"https:\/\/www.stenhammarcompetition.se\/sv\/","name":"WSIMC","description":"Wilhelm Stenhammar International Music Competition","potentialAction":[{"@type":"SearchAction","target":{"@type":"EntryPoint","urlTemplate":"https:\/\/www.stenhammarcompetition.se\/sv\/?s={search_term_string}"},"query-input":"required name=search_term_string"}],"inLanguage":"sv-SE"}]}},"_links":{"self":[{"href":"https:\/\/www.stenhammarcompetition.se\/sv\/wp-json\/wp\/v2\/pages\/812"}],"collection":[{"href":"https:\/\/www.stenhammarcompetition.se\/sv\/wp-json\/wp\/v2\/pages"}],"about":[{"href":"https:\/\/www.stenhammarcompetition.se\/sv\/wp-json\/wp\/v2\/types\/page"}],"author":[{"embeddable":true,"href":"https:\/\/www.stenhammarcompetition.se\/sv\/wp-json\/wp\/v2\/users\/1"}],"replies":[{"embeddable":true,"href":"https:\/\/www.stenhammarcompetition.se\/sv\/wp-json\/wp\/v2\/comments?post=812"}],"version-history":[{"count":6,"href":"https:\/\/www.stenhammarcompetition.se\/sv\/wp-json\/wp\/v2\/pages\/812\/revisions"}],"predecessor-version":[{"id":7402,"href":"https:\/\/www.stenhammarcompetition.se\/sv\/wp-json\/wp\/v2\/pages\/812\/revisions\/7402"}],"up":[{"embeddable":true,"href":"https:\/\/www.stenhammarcompetition.se\/sv\/wp-json\/wp\/v2\/pages\/1115"}],"wp:attachment":[{"href":"https:\/\/www.stenhammarcompetition.se\/sv\/wp-json\/wp\/v2\/media?parent=812"}],"curies":[{"name":"wp","href":"https:\/\/api.w.org\/{rel}","templated":true}]}}