{"id":804,"date":"2019-10-14T14:25:06","date_gmt":"2019-10-14T12:25:06","guid":{"rendered":"http:\/\/stenhammar.hamstage.hamrenmedia.se\/om-wsmic\/wilhelm-stenhammar\/"},"modified":"2022-11-08T13:44:55","modified_gmt":"2022-11-08T12:44:55","slug":"wilhelm-stenhammar","status":"publish","type":"page","link":"https:\/\/www.stenhammarcompetition.se\/sv\/om-wsimc\/wilhelm-stenhammar\/","title":{"rendered":"Wilhelm Stenhammar"},"content":{"rendered":"\t\t<div data-elementor-type=\"wp-page\" data-elementor-id=\"804\" class=\"elementor elementor-804 elementor-10\">\n\t\t\t\t\t\t<div class=\"elementor-inner\">\n\t\t\t\t<div class=\"elementor-section-wrap\">\n\t\t\t\t\t\t\t\t\t<section class=\"elementor-section elementor-top-section elementor-element elementor-element-6a4319f6 top-section subpage elementor-section-boxed elementor-section-height-default elementor-section-height-default\" data-id=\"6a4319f6\" data-element_type=\"section\" data-settings=\"{&quot;background_background&quot;:&quot;classic&quot;}\">\n\t\t\t\t\t\t<div class=\"elementor-container elementor-column-gap-default\">\n\t\t\t\t\t\t\t<div class=\"elementor-row\">\n\t\t\t\t\t<div class=\"elementor-column elementor-col-100 elementor-top-column elementor-element elementor-element-1ce4f936 top-image\" data-id=\"1ce4f936\" data-element_type=\"column\" data-settings=\"{&quot;background_background&quot;:&quot;classic&quot;}\">\n\t\t\t<div class=\"elementor-column-wrap elementor-element-populated\">\n\t\t\t\t\t\t\t<div class=\"elementor-widget-wrap\">\n\t\t\t\t\t\t<div class=\"elementor-element elementor-element-4d9c6a32 elementor-widget elementor-widget-breadcrumbs\" data-id=\"4d9c6a32\" data-element_type=\"widget\" data-widget_type=\"breadcrumbs.default\">\n\t\t\t\t<div class=\"elementor-widget-container\">\n\t\t\t<p id=\"breadcrumbs\"><span><span><a href=\"https:\/\/www.stenhammarcompetition.se\/sv\/\">WSIMC<\/a><\/span><\/span><\/p>\t\t<\/div>\n\t\t\t\t<\/div>\n\t\t\t\t<div class=\"elementor-element elementor-element-5b83a1a3 light-button elementor-widget elementor-widget-button\" data-id=\"5b83a1a3\" data-element_type=\"widget\" data-widget_type=\"button.default\">\n\t\t\t\t<div class=\"elementor-widget-container\">\n\t\t\t\t\t<div class=\"elementor-button-wrapper\">\n\t\t\t<a href=\"#wilhelm-sv\" class=\"elementor-button-link elementor-button elementor-size-sm\" role=\"button\">\n\t\t\t\t\t\t<span class=\"elementor-button-content-wrapper\">\n\t\t\t\t\t\t\t<span class=\"elementor-button-icon elementor-align-icon-left\">\n\t\t\t\t<i aria-hidden=\"true\" class=\"fas fa-long-arrow-alt-down\"><\/i>\t\t\t<\/span>\n\t\t\t\t\t\t<span class=\"elementor-button-text\">L\u00e4s om Wilhelm<\/span>\n\t\t<\/span>\n\t\t\t\t\t<\/a>\n\t\t<\/div>\n\t\t\t\t<\/div>\n\t\t\t\t<\/div>\n\t\t\t\t\t\t<\/div>\n\t\t\t\t\t<\/div>\n\t\t<\/div>\n\t\t\t\t\t\t\t\t<\/div>\n\t\t\t\t\t<\/div>\n\t\t<\/section>\n\t\t\t\t<section class=\"elementor-section elementor-top-section elementor-element elementor-element-2eb3d7a0 ingress-section narrow top-section subpage elementor-section-boxed elementor-section-height-default elementor-section-height-default\" data-id=\"2eb3d7a0\" data-element_type=\"section\" id=\"wilhelm-sv\">\n\t\t\t\t\t\t<div class=\"elementor-container elementor-column-gap-default\">\n\t\t\t\t\t\t\t<div class=\"elementor-row\">\n\t\t\t\t\t<div class=\"elementor-column elementor-col-66 elementor-top-column elementor-element elementor-element-72cf1c19\" data-id=\"72cf1c19\" data-element_type=\"column\">\n\t\t\t<div class=\"elementor-column-wrap elementor-element-populated\">\n\t\t\t\t\t\t\t<div class=\"elementor-widget-wrap\">\n\t\t\t\t\t\t<div class=\"elementor-element elementor-element-100e1a5f elementor-widget elementor-widget-heading\" data-id=\"100e1a5f\" data-element_type=\"widget\" data-widget_type=\"heading.default\">\n\t\t\t\t<div class=\"elementor-widget-container\">\n\t\t\t<h1 class=\"elementor-heading-title elementor-size-default\">Wilhelm Stenhammar<\/h1>\t\t<\/div>\n\t\t\t\t<\/div>\n\t\t\t\t<div class=\"elementor-element elementor-element-432a1169 pre elementor-widget elementor-widget-text-editor\" data-id=\"432a1169\" data-element_type=\"widget\" data-widget_type=\"text-editor.default\">\n\t\t\t\t<div class=\"elementor-widget-container\">\n\t\t\t\t\t\t\t\t<div class=\"elementor-text-editor elementor-clearfix\">\n\t\t\t\t<p>Wilhelm Stenhammar f\u00f6ddes 7 februari 1871 i Stockholm och dog 20 november 1927 i G\u00f6teborg och var en svensk tons\u00e4ttare, dirigent och pianist. Hans far var amat\u00f6rtons\u00e4ttaren och arkitekten Per Ulrik Stenhammar.<\/p>\t\t\t\t\t<\/div>\n\t\t\t\t\t\t<\/div>\n\t\t\t\t<\/div>\n\t\t\t\t\t\t<\/div>\n\t\t\t\t\t<\/div>\n\t\t<\/div>\n\t\t\t\t<div class=\"elementor-column elementor-col-33 elementor-top-column elementor-element elementor-element-14f4b2a9 feather\" data-id=\"14f4b2a9\" data-element_type=\"column\">\n\t\t\t<div class=\"elementor-column-wrap elementor-element-populated\">\n\t\t\t\t\t\t\t<div class=\"elementor-widget-wrap\">\n\t\t\t\t\t\t<div class=\"elementor-element elementor-element-24914e01 elementor-widget elementor-widget-image\" data-id=\"24914e01\" data-element_type=\"widget\" data-widget_type=\"image.default\">\n\t\t\t\t<div class=\"elementor-widget-container\">\n\t\t\t\t\t\t\t\t<div class=\"elementor-image\">\n\t\t\t\t\t\t\t\t\t\t\t\t<img decoding=\"async\" width=\"144\" height=\"336\" src=\"https:\/\/www.stenhammarcompetition.se\/wp-content\/uploads\/2019\/09\/feather.png\" class=\"attachment-large size-large wp-image-174\" alt=\"Stenhammar logo feather\" loading=\"lazy\" srcset=\"https:\/\/www.stenhammarcompetition.se\/wp-content\/uploads\/2019\/09\/feather.png 144w, https:\/\/www.stenhammarcompetition.se\/wp-content\/uploads\/2019\/09\/feather-129x300.png 129w\" sizes=\"(max-width: 144px) 100vw, 144px\" \/>\t\t\t\t\t\t\t\t\t\t\t\t\t\t<\/div>\n\t\t\t\t\t\t<\/div>\n\t\t\t\t<\/div>\n\t\t\t\t\t\t<\/div>\n\t\t\t\t\t<\/div>\n\t\t<\/div>\n\t\t\t\t\t\t\t\t<\/div>\n\t\t\t\t\t<\/div>\n\t\t<\/section>\n\t\t\t\t<section class=\"elementor-section elementor-top-section elementor-element elementor-element-f7b2e59 narrow two-col elementor-section-boxed elementor-section-height-default elementor-section-height-default\" data-id=\"f7b2e59\" data-element_type=\"section\">\n\t\t\t\t\t\t<div class=\"elementor-container elementor-column-gap-default\">\n\t\t\t\t\t\t\t<div class=\"elementor-row\">\n\t\t\t\t\t<div class=\"elementor-column elementor-col-100 elementor-top-column elementor-element elementor-element-bcdb905\" data-id=\"bcdb905\" data-element_type=\"column\">\n\t\t\t<div class=\"elementor-column-wrap elementor-element-populated\">\n\t\t\t\t\t\t\t<div class=\"elementor-widget-wrap\">\n\t\t\t\t\t\t<div class=\"elementor-element elementor-element-3a5886e elementor-widget elementor-widget-heading\" data-id=\"3a5886e\" data-element_type=\"widget\" data-widget_type=\"heading.default\">\n\t\t\t\t<div class=\"elementor-widget-container\">\n\t\t\t<h2 class=\"elementor-heading-title elementor-size-default\">Svensk tons\u00e4ttare, dirigent och pianist<\/h2>\t\t<\/div>\n\t\t\t\t<\/div>\n\t\t\t\t<div class=\"elementor-element elementor-element-154c2db elementor-widget elementor-widget-text-editor\" data-id=\"154c2db\" data-element_type=\"widget\" data-widget_type=\"text-editor.default\">\n\t\t\t\t<div class=\"elementor-widget-container\">\n\t\t\t\t\t\t\t\t<div class=\"elementor-text-editor elementor-clearfix\">\n\t\t\t\t<h3>Wilhelms tidiga liv<\/h3>\n<p>Sl\u00e4kten Stenhammar h\u00e4rstammar sedan 1500-talet fr\u00e5n g\u00e5rden Hamra i V\u00e4stra Stenby socken i \u00d6sterg\u00f6tland. Det musicerades flitigt i hemmet, framf\u00f6r allt vokalmusik, och redan som sju\u00e5ring komponerade Wilhelm sina f\u00f6rsta romanser. N\u00e5gra av dem han skrev som ton\u00e5ring blev s\u00e5 lyckade att de fortfarande ofta sjungs p\u00e5 romansaftnar. Fram till 1924 komponerade han 110 s\u00e5nger, av vilka drygt h\u00e4lften kom ut i tryck under hans levnad. Det var ocks\u00e5 vokalmusik som dominerade b\u00e5de komponerandet som konsertutbudet i Sverige vid denna tid. Wilhelm Stenhammars konstn\u00e4rligt h\u00f6gst\u00e5ende bidrag blev d\u00e4rf\u00f6r mycket v\u00e4lkomnade.<\/p>\n<h3>Blomstrande svensk lyrik<\/h3>\n<p>Romansproduktionen sammanf\u00f6ll med 1890-talets guld\u00e5lder inom den svenska lyriken, d\u00e5 diktare som Gustaf Fr\u00f6ding, Verner von Heidenstam och Erik Axel Karlfeldt slog igenom. Under denna tid skrev Stenhammar ett tjugotal av sina mest lyckade s\u00e5nger just till de unga svenska diktarnas alster. Senare skulle diktare som Johan Ludvig Runeberg och Bo Bergman komma att inspirera honom till en l\u00e5ng rad m\u00e4sterverk.<\/p>\n<h3>Framst\u00e5ende pianist, solist och kammarmusiker<\/h3>\n<p>Wilhelm Stenhammar framst\u00e5r som den fr\u00e4msta och mest m\u00e5ngsidiga musikpersonligheten i Sverige vid sekelskiftet 1800-1900. Han var landets fr\u00e4mste pianist och han debuterade 1892, 21 \u00e5r gammal, som solist i Brahms d-mollkonsert, och han skulle ofta komma att framtr\u00e4da som solist, inte minst i de b\u00e5da egna pianokonserterna. Men han spelade inte bara solo med orkester, han betraktades ocks\u00e5 som den fr\u00e4mste s\u00e5ngackompanjat\u00f6ren och framtr\u00e4dde ofta med tidens fr\u00e4msta s\u00e5ngare, bland annat John Forsell.<br \/>\n\u2028<br \/>\nSom kammarmusiker var han synnerligen v\u00e4lk\u00e4nd, och turnerade landet runt tillsammans med v\u00e4lrenommerade musiker som Aulinska str\u00e5kkvartetten. Dessutom var han dirigent och konstn\u00e4rlig ledare f\u00f6r G\u00f6teborgs Orkesterf\u00f6rening 1907-22. Under dessa \u00e5r introducerade han med stor fingertoppsk\u00e4nsla en rad verk som med tiden kommit att bli standardverk. Han s\u00e5g s\u00e4rskilt g\u00e4rna till att hj\u00e4lpa fram unga svenska tons\u00e4ttare som Hilding Rosenberg.<\/p>\n<h3>Tons\u00e4ttare framf\u00f6r allt<\/h3>\n<p>F\u00f6r efterv\u00e4rlden \u00e4r Wilhelm Stenhammar \u00e4nd\u00e5 mest k\u00e4nd som tons\u00e4ttare. Han producerade sig i tidens alla genrer, utom de sakrala \u2013 vilket kanske var en reaktion med det str\u00e4ngt religi\u00f6sa hemmet.<br \/>\nHan komponerade orkesterverk som uvertyren Excelsior! och tv\u00e5 symfonier, tv\u00e5 pianokonserter och Sentimentala romanser f\u00f6r violin och orkester, samt en flersatsig orkesterserenad. Inom kammarmusiken v\u00e4ger de sex str\u00e5kkvartetterna och en violinsonat tyngst, medan de viktigaste pianoverken \u00e4r de tre fantasierna och sviten Sensommarn\u00e4tter.<\/p>\n<p>F\u00f6r solister, k\u00f6r och orkester skrev han Sn\u00f6frid, Midvinter och Ett folk, vilken rymmer den inofficiella nationals\u00e5ngen Sverige, s\u00e5 ofta sjungen av Jussi Bj\u00f6rling. Hans operor \u00e4r Gildet p\u00e5 Solhaug och Tirfing. F\u00f6r scenen skrev han ocks\u00e5 \u00e5tskillig teatermusik, bland annat till upps\u00e4ttningar av Shakespeares Romeo och Julia, Som ni behagar, Tagores Chitra och Strindbergs Ett dr\u00f6mspel, vilka alla ocks\u00e5 f\u00f6rekommer som orkestersviter. Kantaten S\u00e5ngen har ett \u00e4lskat mellanspel som ofta spelas separat. Bland k\u00f6rmusiken b\u00f6r \u00e4ven n\u00e4mnas de tre k\u00f6rs\u00e5nger han komponerade som 19-\u00e5ring. I alla genrer har han bidragit med verk som bevarats i den levande svenska musiktraditionen.<\/p>\n\t\t\t\t\t<\/div>\n\t\t\t\t\t\t<\/div>\n\t\t\t\t<\/div>\n\t\t\t\t\t\t<\/div>\n\t\t\t\t\t<\/div>\n\t\t<\/div>\n\t\t\t\t\t\t\t\t<\/div>\n\t\t\t\t\t<\/div>\n\t\t<\/section>\n\t\t\t\t\t\t\t\t\t<\/div>\n\t\t\t<\/div>\n\t\t\t\t\t<\/div>\n\t\t","protected":false},"excerpt":{"rendered":"<p>L\u00e4s om Wilhelm Wilhelm Stenhammar Wilhelm Stenhammar f\u00f6ddes 7 februari 1871 i Stockholm och dog 20 november 1927 i G\u00f6teborg och var en svensk tons\u00e4ttare, dirigent och pianist. Hans far var amat\u00f6rtons\u00e4ttaren och arkitekten Per Ulrik Stenhammar. Svensk tons\u00e4ttare, dirigent och pianist Wilhelms tidiga liv Sl\u00e4kten Stenhammar h\u00e4rstammar sedan 1500-talet fr\u00e5n g\u00e5rden Hamra i V\u00e4stra [&hellip;]<\/p>\n","protected":false},"author":1,"featured_media":0,"parent":792,"menu_order":0,"comment_status":"closed","ping_status":"closed","template":"","meta":[],"acf":[],"yoast_head":"<!-- This site is optimized with the Yoast SEO plugin v20.9 - https:\/\/yoast.com\/wordpress\/plugins\/seo\/ -->\n<title>Wilhelm Stenhammar - WSIMC WSMIC<\/title>\n<meta name=\"description\" content=\"Wilhelm Stenhammar var en svensk tons\u00e4ttare, dirigent och pianist. Han v\u00e4xte upp i ett religi\u00f6st och musikaliskt hem. L\u00e4s mer om Wilhelm h\u00e4r.\" \/>\n<meta name=\"robots\" content=\"index, follow, max-snippet:-1, max-image-preview:large, max-video-preview:-1\" \/>\n<link rel=\"canonical\" href=\"https:\/\/www.stenhammarcompetition.se\/sv\/om-wsimc\/wilhelm-stenhammar\/\" \/>\n<meta property=\"og:locale\" content=\"sv_SE\" \/>\n<meta property=\"og:type\" content=\"article\" \/>\n<meta property=\"og:title\" content=\"Wilhelm Stenhammar - WSIMC WSMIC\" \/>\n<meta property=\"og:description\" content=\"Wilhelm Stenhammar var en svensk tons\u00e4ttare, dirigent och pianist. Han v\u00e4xte upp i ett religi\u00f6st och musikaliskt hem. L\u00e4s mer om Wilhelm h\u00e4r.\" \/>\n<meta property=\"og:url\" content=\"https:\/\/www.stenhammarcompetition.se\/sv\/om-wsimc\/wilhelm-stenhammar\/\" \/>\n<meta property=\"og:site_name\" content=\"WSIMC\" \/>\n<meta property=\"article:modified_time\" content=\"2022-11-08T12:44:55+00:00\" \/>\n<meta property=\"og:image\" content=\"https:\/\/www.stenhammarcompetition.se\/wp-content\/uploads\/2019\/09\/feather.png\" \/>\n<meta name=\"twitter:card\" content=\"summary_large_image\" \/>\n<meta name=\"twitter:label1\" content=\"Ber\u00e4knad l\u00e4stid\" \/>\n\t<meta name=\"twitter:data1\" content=\"3 minuter\" \/>\n<script type=\"application\/ld+json\" class=\"yoast-schema-graph\">{\"@context\":\"https:\/\/schema.org\",\"@graph\":[{\"@type\":\"WebPage\",\"@id\":\"https:\/\/www.stenhammarcompetition.se\/sv\/om-wsimc\/wilhelm-stenhammar\/\",\"url\":\"https:\/\/www.stenhammarcompetition.se\/sv\/om-wsimc\/wilhelm-stenhammar\/\",\"name\":\"Wilhelm Stenhammar - WSIMC WSMIC\",\"isPartOf\":{\"@id\":\"https:\/\/www.stenhammarcompetition.se\/sv\/#website\"},\"datePublished\":\"2019-10-14T12:25:06+00:00\",\"dateModified\":\"2022-11-08T12:44:55+00:00\",\"description\":\"Wilhelm Stenhammar var en svensk tons\u00e4ttare, dirigent och pianist. Han v\u00e4xte upp i ett religi\u00f6st och musikaliskt hem. L\u00e4s mer om Wilhelm h\u00e4r.\",\"breadcrumb\":{\"@id\":\"https:\/\/www.stenhammarcompetition.se\/sv\/om-wsimc\/wilhelm-stenhammar\/#breadcrumb\"},\"inLanguage\":\"sv-SE\",\"potentialAction\":[{\"@type\":\"ReadAction\",\"target\":[\"https:\/\/www.stenhammarcompetition.se\/sv\/om-wsimc\/wilhelm-stenhammar\/\"]}]},{\"@type\":\"BreadcrumbList\",\"@id\":\"https:\/\/www.stenhammarcompetition.se\/sv\/om-wsimc\/wilhelm-stenhammar\/#breadcrumb\",\"itemListElement\":[{\"@type\":\"ListItem\",\"position\":1,\"name\":\"WSIMC\",\"item\":\"https:\/\/www.stenhammarcompetition.se\/sv\/\"},{\"@type\":\"ListItem\",\"position\":2,\"name\":\"Om WSIMC\",\"item\":\"https:\/\/www.stenhammarcompetition.se\/sv\/about-wsimc\/\"},{\"@type\":\"ListItem\",\"position\":3,\"name\":\"Wilhelm Stenhammar\"}]},{\"@type\":\"WebSite\",\"@id\":\"https:\/\/www.stenhammarcompetition.se\/sv\/#website\",\"url\":\"https:\/\/www.stenhammarcompetition.se\/sv\/\",\"name\":\"WSIMC\",\"description\":\"Wilhelm Stenhammar International Music Competition\",\"potentialAction\":[{\"@type\":\"SearchAction\",\"target\":{\"@type\":\"EntryPoint\",\"urlTemplate\":\"https:\/\/www.stenhammarcompetition.se\/sv\/?s={search_term_string}\"},\"query-input\":\"required name=search_term_string\"}],\"inLanguage\":\"sv-SE\"}]}<\/script>\n<!-- \/ Yoast SEO plugin. -->","yoast_head_json":{"title":"Wilhelm Stenhammar - WSIMC WSMIC","description":"Wilhelm Stenhammar var en svensk tons\u00e4ttare, dirigent och pianist. Han v\u00e4xte upp i ett religi\u00f6st och musikaliskt hem. L\u00e4s mer om Wilhelm h\u00e4r.","robots":{"index":"index","follow":"follow","max-snippet":"max-snippet:-1","max-image-preview":"max-image-preview:large","max-video-preview":"max-video-preview:-1"},"canonical":"https:\/\/www.stenhammarcompetition.se\/sv\/om-wsimc\/wilhelm-stenhammar\/","og_locale":"sv_SE","og_type":"article","og_title":"Wilhelm Stenhammar - WSIMC WSMIC","og_description":"Wilhelm Stenhammar var en svensk tons\u00e4ttare, dirigent och pianist. Han v\u00e4xte upp i ett religi\u00f6st och musikaliskt hem. L\u00e4s mer om Wilhelm h\u00e4r.","og_url":"https:\/\/www.stenhammarcompetition.se\/sv\/om-wsimc\/wilhelm-stenhammar\/","og_site_name":"WSIMC","article_modified_time":"2022-11-08T12:44:55+00:00","og_image":[{"url":"https:\/\/www.stenhammarcompetition.se\/wp-content\/uploads\/2019\/09\/feather.png"}],"twitter_card":"summary_large_image","twitter_misc":{"Ber\u00e4knad l\u00e4stid":"3 minuter"},"schema":{"@context":"https:\/\/schema.org","@graph":[{"@type":"WebPage","@id":"https:\/\/www.stenhammarcompetition.se\/sv\/om-wsimc\/wilhelm-stenhammar\/","url":"https:\/\/www.stenhammarcompetition.se\/sv\/om-wsimc\/wilhelm-stenhammar\/","name":"Wilhelm Stenhammar - WSIMC WSMIC","isPartOf":{"@id":"https:\/\/www.stenhammarcompetition.se\/sv\/#website"},"datePublished":"2019-10-14T12:25:06+00:00","dateModified":"2022-11-08T12:44:55+00:00","description":"Wilhelm Stenhammar var en svensk tons\u00e4ttare, dirigent och pianist. Han v\u00e4xte upp i ett religi\u00f6st och musikaliskt hem. L\u00e4s mer om Wilhelm h\u00e4r.","breadcrumb":{"@id":"https:\/\/www.stenhammarcompetition.se\/sv\/om-wsimc\/wilhelm-stenhammar\/#breadcrumb"},"inLanguage":"sv-SE","potentialAction":[{"@type":"ReadAction","target":["https:\/\/www.stenhammarcompetition.se\/sv\/om-wsimc\/wilhelm-stenhammar\/"]}]},{"@type":"BreadcrumbList","@id":"https:\/\/www.stenhammarcompetition.se\/sv\/om-wsimc\/wilhelm-stenhammar\/#breadcrumb","itemListElement":[{"@type":"ListItem","position":1,"name":"WSIMC","item":"https:\/\/www.stenhammarcompetition.se\/sv\/"},{"@type":"ListItem","position":2,"name":"Om WSIMC","item":"https:\/\/www.stenhammarcompetition.se\/sv\/about-wsimc\/"},{"@type":"ListItem","position":3,"name":"Wilhelm Stenhammar"}]},{"@type":"WebSite","@id":"https:\/\/www.stenhammarcompetition.se\/sv\/#website","url":"https:\/\/www.stenhammarcompetition.se\/sv\/","name":"WSIMC","description":"Wilhelm Stenhammar International Music Competition","potentialAction":[{"@type":"SearchAction","target":{"@type":"EntryPoint","urlTemplate":"https:\/\/www.stenhammarcompetition.se\/sv\/?s={search_term_string}"},"query-input":"required name=search_term_string"}],"inLanguage":"sv-SE"}]}},"_links":{"self":[{"href":"https:\/\/www.stenhammarcompetition.se\/sv\/wp-json\/wp\/v2\/pages\/804"}],"collection":[{"href":"https:\/\/www.stenhammarcompetition.se\/sv\/wp-json\/wp\/v2\/pages"}],"about":[{"href":"https:\/\/www.stenhammarcompetition.se\/sv\/wp-json\/wp\/v2\/types\/page"}],"author":[{"embeddable":true,"href":"https:\/\/www.stenhammarcompetition.se\/sv\/wp-json\/wp\/v2\/users\/1"}],"replies":[{"embeddable":true,"href":"https:\/\/www.stenhammarcompetition.se\/sv\/wp-json\/wp\/v2\/comments?post=804"}],"version-history":[{"count":9,"href":"https:\/\/www.stenhammarcompetition.se\/sv\/wp-json\/wp\/v2\/pages\/804\/revisions"}],"predecessor-version":[{"id":7752,"href":"https:\/\/www.stenhammarcompetition.se\/sv\/wp-json\/wp\/v2\/pages\/804\/revisions\/7752"}],"up":[{"embeddable":true,"href":"https:\/\/www.stenhammarcompetition.se\/sv\/wp-json\/wp\/v2\/pages\/792"}],"wp:attachment":[{"href":"https:\/\/www.stenhammarcompetition.se\/sv\/wp-json\/wp\/v2\/media?parent=804"}],"curies":[{"name":"wp","href":"https:\/\/api.w.org\/{rel}","templated":true}]}}