{"id":800,"date":"2019-10-14T14:19:30","date_gmt":"2019-10-14T12:19:30","guid":{"rendered":"http:\/\/stenhammar.hamstage.hamrenmedia.se\/om-wsmic\/sonja-stenhammar\/"},"modified":"2019-12-02T14:44:02","modified_gmt":"2019-12-02T13:44:02","slug":"sonja-stenhammar","status":"publish","type":"page","link":"https:\/\/www.stenhammarcompetition.se\/sv\/om-wsimc\/sonja-stenhammar\/","title":{"rendered":"Sonja Stenhammar"},"content":{"rendered":"\t\t<div data-elementor-type=\"wp-page\" data-elementor-id=\"800\" class=\"elementor elementor-800 elementor-12\">\n\t\t\t\t\t\t<div class=\"elementor-inner\">\n\t\t\t\t<div class=\"elementor-section-wrap\">\n\t\t\t\t\t\t\t\t\t<section class=\"elementor-section elementor-top-section elementor-element elementor-element-174aaf6d top-section subpage elementor-section-boxed elementor-section-height-default elementor-section-height-default\" data-id=\"174aaf6d\" data-element_type=\"section\" data-settings=\"{&quot;background_background&quot;:&quot;classic&quot;}\">\n\t\t\t\t\t\t<div class=\"elementor-container elementor-column-gap-default\">\n\t\t\t\t\t\t\t<div class=\"elementor-row\">\n\t\t\t\t\t<div class=\"elementor-column elementor-col-100 elementor-top-column elementor-element elementor-element-30b45c7a top-image\" data-id=\"30b45c7a\" data-element_type=\"column\" data-settings=\"{&quot;background_background&quot;:&quot;classic&quot;}\">\n\t\t\t<div class=\"elementor-column-wrap elementor-element-populated\">\n\t\t\t\t\t\t\t<div class=\"elementor-widget-wrap\">\n\t\t\t\t\t\t<div class=\"elementor-element elementor-element-3d4584a9 elementor-widget elementor-widget-breadcrumbs\" data-id=\"3d4584a9\" data-element_type=\"widget\" data-widget_type=\"breadcrumbs.default\">\n\t\t\t\t<div class=\"elementor-widget-container\">\n\t\t\t<p id=\"breadcrumbs\"><span><span><a href=\"https:\/\/www.stenhammarcompetition.se\/sv\/\">WSIMC<\/a><\/span><\/span><\/p>\t\t<\/div>\n\t\t\t\t<\/div>\n\t\t\t\t<div class=\"elementor-element elementor-element-1481d42a light-button elementor-widget elementor-widget-button\" data-id=\"1481d42a\" data-element_type=\"widget\" data-widget_type=\"button.default\">\n\t\t\t\t<div class=\"elementor-widget-container\">\n\t\t\t\t\t<div class=\"elementor-button-wrapper\">\n\t\t\t<a href=\"#sonja-sv\" class=\"elementor-button-link elementor-button elementor-size-sm\" role=\"button\">\n\t\t\t\t\t\t<span class=\"elementor-button-content-wrapper\">\n\t\t\t\t\t\t\t<span class=\"elementor-button-icon elementor-align-icon-left\">\n\t\t\t\t<i aria-hidden=\"true\" class=\"fas fa-long-arrow-alt-down\"><\/i>\t\t\t<\/span>\n\t\t\t\t\t\t<span class=\"elementor-button-text\">L\u00e4s om Sonja<\/span>\n\t\t<\/span>\n\t\t\t\t\t<\/a>\n\t\t<\/div>\n\t\t\t\t<\/div>\n\t\t\t\t<\/div>\n\t\t\t\t\t\t<\/div>\n\t\t\t\t\t<\/div>\n\t\t<\/div>\n\t\t\t\t\t\t\t\t<\/div>\n\t\t\t\t\t<\/div>\n\t\t<\/section>\n\t\t\t\t<section class=\"elementor-section elementor-top-section elementor-element elementor-element-a240855 ingress-section narrow top-section subpage elementor-section-boxed elementor-section-height-default elementor-section-height-default\" data-id=\"a240855\" data-element_type=\"section\" id=\"sonja-sv\">\n\t\t\t\t\t\t<div class=\"elementor-container elementor-column-gap-default\">\n\t\t\t\t\t\t\t<div class=\"elementor-row\">\n\t\t\t\t\t<div class=\"elementor-column elementor-col-66 elementor-top-column elementor-element elementor-element-cc1509d\" data-id=\"cc1509d\" data-element_type=\"column\">\n\t\t\t<div class=\"elementor-column-wrap elementor-element-populated\">\n\t\t\t\t\t\t\t<div class=\"elementor-widget-wrap\">\n\t\t\t\t\t\t<div class=\"elementor-element elementor-element-388d3417 elementor-widget elementor-widget-heading\" data-id=\"388d3417\" data-element_type=\"widget\" data-widget_type=\"heading.default\">\n\t\t\t\t<div class=\"elementor-widget-container\">\n\t\t\t<h1 class=\"elementor-heading-title elementor-size-default\">Sonja Stenhammar<\/h1>\t\t<\/div>\n\t\t\t\t<\/div>\n\t\t\t\t<div class=\"elementor-element elementor-element-36c3934c pre elementor-widget elementor-widget-text-editor\" data-id=\"36c3934c\" data-element_type=\"widget\" data-widget_type=\"text-editor.default\">\n\t\t\t\t<div class=\"elementor-widget-container\">\n\t\t\t\t\t\t\t\t<div class=\"elementor-text-editor elementor-clearfix\">\n\t\t\t\t<p>Den flerspr\u00e5kiga operas\u00e5ngerskan och s\u00e5ngpedagogen Sonja Stenhammar, har gjort betydande insatser f\u00f6r att sprida svensk musik och svensk kultur utomlands. Bland annat genom att initiera Wilhelm Stenhammar International Music Competition (WSIMC).<\/p>\n\t\t\t\t\t<\/div>\n\t\t\t\t\t\t<\/div>\n\t\t\t\t<\/div>\n\t\t\t\t\t\t<\/div>\n\t\t\t\t\t<\/div>\n\t\t<\/div>\n\t\t\t\t<div class=\"elementor-column elementor-col-33 elementor-top-column elementor-element elementor-element-59e30057 feather\" data-id=\"59e30057\" data-element_type=\"column\">\n\t\t\t<div class=\"elementor-column-wrap elementor-element-populated\">\n\t\t\t\t\t\t\t<div class=\"elementor-widget-wrap\">\n\t\t\t\t\t\t<div class=\"elementor-element elementor-element-1621ccde elementor-widget elementor-widget-image\" data-id=\"1621ccde\" data-element_type=\"widget\" data-widget_type=\"image.default\">\n\t\t\t\t<div class=\"elementor-widget-container\">\n\t\t\t\t\t\t\t\t<div class=\"elementor-image\">\n\t\t\t\t\t\t\t\t\t\t\t\t<img decoding=\"async\" width=\"144\" height=\"336\" src=\"https:\/\/www.stenhammarcompetition.se\/wp-content\/uploads\/2019\/09\/feather.png\" class=\"attachment-large size-large wp-image-174\" alt=\"Stenhammar logo feather\" loading=\"lazy\" srcset=\"https:\/\/www.stenhammarcompetition.se\/wp-content\/uploads\/2019\/09\/feather.png 144w, https:\/\/www.stenhammarcompetition.se\/wp-content\/uploads\/2019\/09\/feather-129x300.png 129w\" sizes=\"(max-width: 144px) 100vw, 144px\" \/>\t\t\t\t\t\t\t\t\t\t\t\t\t\t<\/div>\n\t\t\t\t\t\t<\/div>\n\t\t\t\t<\/div>\n\t\t\t\t\t\t<\/div>\n\t\t\t\t\t<\/div>\n\t\t<\/div>\n\t\t\t\t\t\t\t\t<\/div>\n\t\t\t\t\t<\/div>\n\t\t<\/section>\n\t\t\t\t<section class=\"elementor-section elementor-top-section elementor-element elementor-element-3ca080f narrow two-col elementor-section-boxed elementor-section-height-default elementor-section-height-default\" data-id=\"3ca080f\" data-element_type=\"section\">\n\t\t\t\t\t\t<div class=\"elementor-container elementor-column-gap-default\">\n\t\t\t\t\t\t\t<div class=\"elementor-row\">\n\t\t\t\t\t<div class=\"elementor-column elementor-col-100 elementor-top-column elementor-element elementor-element-9f61535\" data-id=\"9f61535\" data-element_type=\"column\">\n\t\t\t<div class=\"elementor-column-wrap elementor-element-populated\">\n\t\t\t\t\t\t\t<div class=\"elementor-widget-wrap\">\n\t\t\t\t\t\t<div class=\"elementor-element elementor-element-b2674a2 elementor-widget elementor-widget-heading\" data-id=\"b2674a2\" data-element_type=\"widget\" data-widget_type=\"heading.default\">\n\t\t\t\t<div class=\"elementor-widget-container\">\n\t\t\t<h2 class=\"elementor-heading-title elementor-size-default\">Grundare och konstn\u00e4rlig ledare f\u00f6r t\u00e4vlingen<\/h2>\t\t<\/div>\n\t\t\t\t<\/div>\n\t\t\t\t<div class=\"elementor-element elementor-element-5ee0c1a elementor-widget elementor-widget-text-editor\" data-id=\"5ee0c1a\" data-element_type=\"widget\" data-widget_type=\"text-editor.default\">\n\t\t\t\t<div class=\"elementor-widget-container\">\n\t\t\t\t\t\t\t\t<div class=\"elementor-text-editor elementor-clearfix\">\n\t\t\t\t<h3>Studier i Sverige<\/h3>\n<p>Efter studier vid Kungliga Musikh\u00f6gskolan i Stockholm bl. a. f\u00f6r professor Folke S\u00e4llstr\u00f6m i s\u00e5ng, och fil. kand-examen i musik och teatervetenskap vid Stockholms Universitet, specialiserade hon sig ytterligare i s\u00e5ng f\u00f6r Dorothy Irwing och operas\u00e5ngren Rolf Leanderson.<\/p>\n<h3>Vidare studier utomlands<\/h3>\n<p>Efter s\u00e5ngpedagogexamen vid Kungl. Musikh\u00f6gskolan vidareutbildade sig Sonja Stenhammar s\u00e5ngtekniskt f\u00f6r operas\u00e5ngerskan Paula Lindberg i Amsterdam och Salzburg och professor Paul Lohmann i Wiesbaden.<br \/>\n\u2028<br \/>\nKunskaperna i tysk repertoar f\u00f6rdjupades med professor Eric Werba i Salzburg och Wien, d\u00e5 hon sj\u00f6ng Mozartopera under dirigent Bernhard Paumgartners ledning. Genom s\u00e5ngerskan Conchita Badia i Barcelona kom Sonja Stenhammar i \u00e5tnjutande av unika tolkningstraditioner fr\u00e5n tons\u00e4ttarna Granados och de Falla och \u00e4ven \u00f6vrig spansk musik.<\/p>\n<h3>Stor erfarenhet av internationella scener<\/h3>\n<p>Sonja Stenhammar gjorde en betydande karri\u00e4r utomlands, med b\u00f6rjan i Spanien, d\u00e4r hon givit m\u00e5nga romanskonserter och sjungit som solist med Orquesta Nacional d\u00b4Espana och RTV Orquesta i Madrid samt symfoniorkestrarna i Barcelona, Bilbao och Sevilla.<br \/>\n\u2028<br \/>\nSonja Stenhammar har s\u00e4rskilt ofta varit engagerad i Schweiz, Spanien, Polen och Italien, men \u00e4ven  i Bulgarien, Frankrike, Brasilien, Grekland, Argentina och USA och i \u00d6sterrike medverkade hon i Mozarts Requiem vid Mozartjubileum.<br \/>\n\u2028<br \/>\nI Sverige har Sonja Stenhammar givit talrika romansaftnar, kammarkonserter och varit solist med Norrk\u00f6pings Symfoniorkester, Kungliga Filharmoniska Orkestern, Drottningholms Barockensemble och medverkat i radio- och TV-program.<br \/>\nInnan initiativet togs att starta WSIMC arrangerade hon Sverigefestivalen i Gen\u00e8ve i samarbete med Svenska Ambassaden i Bern, Sveriges Radio och Radion i Gen\u00e8ve. Hon har ocks\u00e5 inkluderat svensk musik p\u00e5 romanskonserter.<\/p>\n<h3>S\u00e5ngpedagogik<\/h3>\n<p>Sonja Stenhammars omfattande repertoar g\u00f6r att hon medverkat vid s\u00e5v\u00e4l romansaftnar som solist i oratorie-, opera- och kammarmusiksammanhang. Nutida musik har \u00e5rligen funnits p\u00e5 hennes program och hon har uruppf\u00f6rt ett flertal verk som skrivits f\u00f6r hennes r\u00f6st.<br \/>\nSonja Stenhammar har gjort skivinspelningar p\u00e5 bl.a. EMI, Erato, EMS (Bryssel) och Grammont (Schweiz). Sonja Stenhammar har ocks\u00e5 \u00e4gnat sig \u00e5t undervisning i vokalteknik och interpretation och givit en m\u00e4ngd masterclasses i Amerika, Italien och Schweiz.\u00a0<br \/>\n\u2028<br \/>\nUnder sex \u00e5r ledde hon en operaskola i Italien, organiserad av Amici della Musica, med st\u00f6d av kulturministeriet i Rom och symfoniorkestern i Palermo. Nu forts\u00e4tter hon att undervisa med centrum f\u00f6r sin verksamhet i Gen\u00e9ve.<\/p>\n<h3>Jury och t\u00e4vlingar<\/h3>\n<p>Sonja Stenhammar \u00e4r ofta engagerad som jurymedlem vid stora internationella s\u00e5ngt\u00e4vlingar som t.ex. ARD i M\u00fcnchen, Wagnert\u00e4vlingen i New York, Voci Verdiani i Busseto d\u00e5 v\u00e4rldstenoren Carlo Bergonzi var president, Tjajkovskijt\u00e4vlingen i Moskva, Elly Amelingt\u00e4vlingen i Haag, Maria Callast\u00e4vlingen i Ath\u00e9n, samt operat\u00e4vlingar i Paris, Spoleto och Bilbao och Jos\u00e9 Carrerast\u00e4vlingen i Pamplona.<br \/>\n2018 engagerades Sonja som ordf\u00f6rande f\u00f6r juryn i Vina del Mar i Chile. <\/p>\n<p>\u00c5r 2006 tog Sonja Stenhammar initiativet till Wilhelm Stenhammar International Music Competition (WSIMC), d\u00e4r hon ocks\u00e5 \u00e4r konstn\u00e4rlig ledare. WSIMC rankas idag som en av de fr\u00e4msta s\u00e5ngt\u00e4vlingarna i v\u00e4rlden.<\/p>\n\t\t\t\t\t<\/div>\n\t\t\t\t\t\t<\/div>\n\t\t\t\t<\/div>\n\t\t\t\t\t\t<\/div>\n\t\t\t\t\t<\/div>\n\t\t<\/div>\n\t\t\t\t\t\t\t\t<\/div>\n\t\t\t\t\t<\/div>\n\t\t<\/section>\n\t\t\t\t\t\t\t\t\t<\/div>\n\t\t\t<\/div>\n\t\t\t\t\t<\/div>\n\t\t","protected":false},"excerpt":{"rendered":"<p>L\u00e4s om Sonja Sonja Stenhammar Den flerspr\u00e5kiga operas\u00e5ngerskan och s\u00e5ngpedagogen Sonja Stenhammar, har gjort betydande insatser f\u00f6r att sprida svensk musik och svensk kultur utomlands. Bland annat genom att initiera Wilhelm Stenhammar International Music Competition (WSIMC). Grundare och konstn\u00e4rlig ledare f\u00f6r t\u00e4vlingen Studier i Sverige Efter studier vid Kungliga Musikh\u00f6gskolan i Stockholm bl. a. f\u00f6r [&hellip;]<\/p>\n","protected":false},"author":1,"featured_media":0,"parent":792,"menu_order":0,"comment_status":"closed","ping_status":"closed","template":"","meta":[],"acf":[],"yoast_head":"<!-- This site is optimized with the Yoast SEO plugin v20.9 - https:\/\/yoast.com\/wordpress\/plugins\/seo\/ -->\n<title>Sonja Stenhammar - WSIMC WSIMC<\/title>\n<meta name=\"description\" content=\"Den flerspr\u00e5kiga operas\u00e5ngerskan och s\u00e5ngpedagogen Sonja Stenhammar \u00e4r initiativtagare till Wilhelm Stenhammar International Music Competition (WSIMC).\" \/>\n<meta name=\"robots\" content=\"index, follow, max-snippet:-1, max-image-preview:large, max-video-preview:-1\" \/>\n<link rel=\"canonical\" href=\"https:\/\/www.stenhammarcompetition.se\/sv\/om-wsimc\/sonja-stenhammar\/\" \/>\n<meta property=\"og:locale\" content=\"sv_SE\" \/>\n<meta property=\"og:type\" content=\"article\" \/>\n<meta property=\"og:title\" content=\"Sonja Stenhammar - WSIMC WSIMC\" \/>\n<meta property=\"og:description\" content=\"Den flerspr\u00e5kiga operas\u00e5ngerskan och s\u00e5ngpedagogen Sonja Stenhammar \u00e4r initiativtagare till Wilhelm Stenhammar International Music Competition (WSIMC).\" \/>\n<meta property=\"og:url\" content=\"https:\/\/www.stenhammarcompetition.se\/sv\/om-wsimc\/sonja-stenhammar\/\" \/>\n<meta property=\"og:site_name\" content=\"WSIMC\" \/>\n<meta property=\"article:modified_time\" content=\"2019-12-02T13:44:02+00:00\" \/>\n<meta property=\"og:image\" content=\"https:\/\/www.stenhammarcompetition.se\/wp-content\/uploads\/2019\/09\/feather.png\" \/>\n<meta name=\"twitter:card\" content=\"summary_large_image\" \/>\n<meta name=\"twitter:label1\" content=\"Ber\u00e4knad l\u00e4stid\" \/>\n\t<meta name=\"twitter:data1\" content=\"3 minuter\" \/>\n<script type=\"application\/ld+json\" class=\"yoast-schema-graph\">{\"@context\":\"https:\/\/schema.org\",\"@graph\":[{\"@type\":\"WebPage\",\"@id\":\"https:\/\/www.stenhammarcompetition.se\/sv\/om-wsimc\/sonja-stenhammar\/\",\"url\":\"https:\/\/www.stenhammarcompetition.se\/sv\/om-wsimc\/sonja-stenhammar\/\",\"name\":\"Sonja Stenhammar - WSIMC WSIMC\",\"isPartOf\":{\"@id\":\"https:\/\/www.stenhammarcompetition.se\/sv\/#website\"},\"datePublished\":\"2019-10-14T12:19:30+00:00\",\"dateModified\":\"2019-12-02T13:44:02+00:00\",\"description\":\"Den flerspr\u00e5kiga operas\u00e5ngerskan och s\u00e5ngpedagogen Sonja Stenhammar \u00e4r initiativtagare till Wilhelm Stenhammar International Music Competition (WSIMC).\",\"breadcrumb\":{\"@id\":\"https:\/\/www.stenhammarcompetition.se\/sv\/om-wsimc\/sonja-stenhammar\/#breadcrumb\"},\"inLanguage\":\"sv-SE\",\"potentialAction\":[{\"@type\":\"ReadAction\",\"target\":[\"https:\/\/www.stenhammarcompetition.se\/sv\/om-wsimc\/sonja-stenhammar\/\"]}]},{\"@type\":\"BreadcrumbList\",\"@id\":\"https:\/\/www.stenhammarcompetition.se\/sv\/om-wsimc\/sonja-stenhammar\/#breadcrumb\",\"itemListElement\":[{\"@type\":\"ListItem\",\"position\":1,\"name\":\"WSIMC\",\"item\":\"https:\/\/www.stenhammarcompetition.se\/sv\/\"},{\"@type\":\"ListItem\",\"position\":2,\"name\":\"Om WSIMC\",\"item\":\"https:\/\/www.stenhammarcompetition.se\/sv\/about-wsimc\/\"},{\"@type\":\"ListItem\",\"position\":3,\"name\":\"Sonja Stenhammar\"}]},{\"@type\":\"WebSite\",\"@id\":\"https:\/\/www.stenhammarcompetition.se\/sv\/#website\",\"url\":\"https:\/\/www.stenhammarcompetition.se\/sv\/\",\"name\":\"WSIMC\",\"description\":\"Wilhelm Stenhammar International Music Competition\",\"potentialAction\":[{\"@type\":\"SearchAction\",\"target\":{\"@type\":\"EntryPoint\",\"urlTemplate\":\"https:\/\/www.stenhammarcompetition.se\/sv\/?s={search_term_string}\"},\"query-input\":\"required name=search_term_string\"}],\"inLanguage\":\"sv-SE\"}]}<\/script>\n<!-- \/ Yoast SEO plugin. -->","yoast_head_json":{"title":"Sonja Stenhammar - WSIMC WSIMC","description":"Den flerspr\u00e5kiga operas\u00e5ngerskan och s\u00e5ngpedagogen Sonja Stenhammar \u00e4r initiativtagare till Wilhelm Stenhammar International Music Competition (WSIMC).","robots":{"index":"index","follow":"follow","max-snippet":"max-snippet:-1","max-image-preview":"max-image-preview:large","max-video-preview":"max-video-preview:-1"},"canonical":"https:\/\/www.stenhammarcompetition.se\/sv\/om-wsimc\/sonja-stenhammar\/","og_locale":"sv_SE","og_type":"article","og_title":"Sonja Stenhammar - WSIMC WSIMC","og_description":"Den flerspr\u00e5kiga operas\u00e5ngerskan och s\u00e5ngpedagogen Sonja Stenhammar \u00e4r initiativtagare till Wilhelm Stenhammar International Music Competition (WSIMC).","og_url":"https:\/\/www.stenhammarcompetition.se\/sv\/om-wsimc\/sonja-stenhammar\/","og_site_name":"WSIMC","article_modified_time":"2019-12-02T13:44:02+00:00","og_image":[{"url":"https:\/\/www.stenhammarcompetition.se\/wp-content\/uploads\/2019\/09\/feather.png"}],"twitter_card":"summary_large_image","twitter_misc":{"Ber\u00e4knad l\u00e4stid":"3 minuter"},"schema":{"@context":"https:\/\/schema.org","@graph":[{"@type":"WebPage","@id":"https:\/\/www.stenhammarcompetition.se\/sv\/om-wsimc\/sonja-stenhammar\/","url":"https:\/\/www.stenhammarcompetition.se\/sv\/om-wsimc\/sonja-stenhammar\/","name":"Sonja Stenhammar - WSIMC WSIMC","isPartOf":{"@id":"https:\/\/www.stenhammarcompetition.se\/sv\/#website"},"datePublished":"2019-10-14T12:19:30+00:00","dateModified":"2019-12-02T13:44:02+00:00","description":"Den flerspr\u00e5kiga operas\u00e5ngerskan och s\u00e5ngpedagogen Sonja Stenhammar \u00e4r initiativtagare till Wilhelm Stenhammar International Music Competition (WSIMC).","breadcrumb":{"@id":"https:\/\/www.stenhammarcompetition.se\/sv\/om-wsimc\/sonja-stenhammar\/#breadcrumb"},"inLanguage":"sv-SE","potentialAction":[{"@type":"ReadAction","target":["https:\/\/www.stenhammarcompetition.se\/sv\/om-wsimc\/sonja-stenhammar\/"]}]},{"@type":"BreadcrumbList","@id":"https:\/\/www.stenhammarcompetition.se\/sv\/om-wsimc\/sonja-stenhammar\/#breadcrumb","itemListElement":[{"@type":"ListItem","position":1,"name":"WSIMC","item":"https:\/\/www.stenhammarcompetition.se\/sv\/"},{"@type":"ListItem","position":2,"name":"Om WSIMC","item":"https:\/\/www.stenhammarcompetition.se\/sv\/about-wsimc\/"},{"@type":"ListItem","position":3,"name":"Sonja Stenhammar"}]},{"@type":"WebSite","@id":"https:\/\/www.stenhammarcompetition.se\/sv\/#website","url":"https:\/\/www.stenhammarcompetition.se\/sv\/","name":"WSIMC","description":"Wilhelm Stenhammar International Music Competition","potentialAction":[{"@type":"SearchAction","target":{"@type":"EntryPoint","urlTemplate":"https:\/\/www.stenhammarcompetition.se\/sv\/?s={search_term_string}"},"query-input":"required name=search_term_string"}],"inLanguage":"sv-SE"}]}},"_links":{"self":[{"href":"https:\/\/www.stenhammarcompetition.se\/sv\/wp-json\/wp\/v2\/pages\/800"}],"collection":[{"href":"https:\/\/www.stenhammarcompetition.se\/sv\/wp-json\/wp\/v2\/pages"}],"about":[{"href":"https:\/\/www.stenhammarcompetition.se\/sv\/wp-json\/wp\/v2\/types\/page"}],"author":[{"embeddable":true,"href":"https:\/\/www.stenhammarcompetition.se\/sv\/wp-json\/wp\/v2\/users\/1"}],"replies":[{"embeddable":true,"href":"https:\/\/www.stenhammarcompetition.se\/sv\/wp-json\/wp\/v2\/comments?post=800"}],"version-history":[{"count":3,"href":"https:\/\/www.stenhammarcompetition.se\/sv\/wp-json\/wp\/v2\/pages\/800\/revisions"}],"predecessor-version":[{"id":1955,"href":"https:\/\/www.stenhammarcompetition.se\/sv\/wp-json\/wp\/v2\/pages\/800\/revisions\/1955"}],"up":[{"embeddable":true,"href":"https:\/\/www.stenhammarcompetition.se\/sv\/wp-json\/wp\/v2\/pages\/792"}],"wp:attachment":[{"href":"https:\/\/www.stenhammarcompetition.se\/sv\/wp-json\/wp\/v2\/media?parent=800"}],"curies":[{"name":"wp","href":"https:\/\/api.w.org\/{rel}","templated":true}]}}