{"id":7519,"date":"2022-05-19T14:16:30","date_gmt":"2022-05-19T12:16:30","guid":{"rendered":"https:\/\/www.stenhammarcompetition.se\/?page_id=7519"},"modified":"2022-06-12T17:38:23","modified_gmt":"2022-06-12T15:38:23","slug":"tavlingsschema","status":"publish","type":"page","link":"https:\/\/www.stenhammarcompetition.se\/sv\/tavlingsschema\/","title":{"rendered":"T\u00e4vlingsschema"},"content":{"rendered":"\t\t<div data-elementor-type=\"wp-page\" data-elementor-id=\"7519\" class=\"elementor elementor-7519\">\n\t\t\t\t\t\t<div class=\"elementor-inner\">\n\t\t\t\t<div class=\"elementor-section-wrap\">\n\t\t\t\t\t\t\t\t\t<section class=\"elementor-section elementor-top-section elementor-element elementor-element-224271b top-section subpage elementor-section-boxed elementor-section-height-default elementor-section-height-default\" data-id=\"224271b\" data-element_type=\"section\" data-settings=\"{&quot;background_background&quot;:&quot;classic&quot;}\">\n\t\t\t\t\t\t<div class=\"elementor-container elementor-column-gap-default\">\n\t\t\t\t\t\t\t<div class=\"elementor-row\">\n\t\t\t\t\t<div class=\"elementor-column elementor-col-100 elementor-top-column elementor-element elementor-element-c9799ef top-image\" data-id=\"c9799ef\" data-element_type=\"column\" data-settings=\"{&quot;background_background&quot;:&quot;classic&quot;}\">\n\t\t\t<div class=\"elementor-column-wrap elementor-element-populated\">\n\t\t\t\t\t\t\t<div class=\"elementor-widget-wrap\">\n\t\t\t\t\t\t<div class=\"elementor-element elementor-element-bff2c4a elementor-widget elementor-widget-breadcrumbs\" data-id=\"bff2c4a\" data-element_type=\"widget\" data-widget_type=\"breadcrumbs.default\">\n\t\t\t\t<div class=\"elementor-widget-container\">\n\t\t\t<p id=\"breadcrumbs\"><span><span><a href=\"https:\/\/www.stenhammarcompetition.se\/sv\/\">WSIMC<\/a><\/span><\/span><\/p>\t\t<\/div>\n\t\t\t\t<\/div>\n\t\t\t\t<div class=\"elementor-element elementor-element-16c3cac light-button elementor-widget elementor-widget-button\" data-id=\"16c3cac\" data-element_type=\"widget\" data-widget_type=\"button.default\">\n\t\t\t\t<div class=\"elementor-widget-container\">\n\t\t\t\t\t<div class=\"elementor-button-wrapper\">\n\t\t\t<a href=\"#tavlingsschema\" class=\"elementor-button-link elementor-button elementor-size-sm\" role=\"button\">\n\t\t\t\t\t\t<span class=\"elementor-button-content-wrapper\">\n\t\t\t\t\t\t\t<span class=\"elementor-button-icon elementor-align-icon-left\">\n\t\t\t\t<i aria-hidden=\"true\" class=\"fas fa-long-arrow-alt-down\"><\/i>\t\t\t<\/span>\n\t\t\t\t\t\t<span class=\"elementor-button-text\">T\u00e4vlingsschema<\/span>\n\t\t<\/span>\n\t\t\t\t\t<\/a>\n\t\t<\/div>\n\t\t\t\t<\/div>\n\t\t\t\t<\/div>\n\t\t\t\t\t\t<\/div>\n\t\t\t\t\t<\/div>\n\t\t<\/div>\n\t\t\t\t\t\t\t\t<\/div>\n\t\t\t\t\t<\/div>\n\t\t<\/section>\n\t\t\t\t<section class=\"elementor-section elementor-top-section elementor-element elementor-element-b83dd67 ingress-section narrow top-section subpage elementor-section-boxed elementor-section-height-default elementor-section-height-default\" data-id=\"b83dd67\" data-element_type=\"section\">\n\t\t\t\t\t\t<div class=\"elementor-container elementor-column-gap-default\">\n\t\t\t\t\t\t\t<div class=\"elementor-row\">\n\t\t\t\t\t<div class=\"elementor-column elementor-col-66 elementor-top-column elementor-element elementor-element-1cc4f00\" data-id=\"1cc4f00\" data-element_type=\"column\">\n\t\t\t<div class=\"elementor-column-wrap elementor-element-populated\">\n\t\t\t\t\t\t\t<div class=\"elementor-widget-wrap\">\n\t\t\t\t\t\t<div class=\"elementor-element elementor-element-67cebd8 elementor-widget elementor-widget-heading\" data-id=\"67cebd8\" data-element_type=\"widget\" id=\"tavlingsschema\" data-widget_type=\"heading.default\">\n\t\t\t\t<div class=\"elementor-widget-container\">\n\t\t\t<h1 class=\"elementor-heading-title elementor-size-default\">T\u00e4vlingsschema<\/h1>\t\t<\/div>\n\t\t\t\t<\/div>\n\t\t\t\t<div class=\"elementor-element elementor-element-b438659 pre elementor-widget elementor-widget-text-editor\" data-id=\"b438659\" data-element_type=\"widget\" data-widget_type=\"text-editor.default\">\n\t\t\t\t<div class=\"elementor-widget-container\">\n\t\t\t\t\t\t\t\t<div class=\"elementor-text-editor elementor-clearfix\">\n\t\t\t\t\t\t\t\t\t<\/div>\n\t\t\t\t\t\t<\/div>\n\t\t\t\t<\/div>\n\t\t\t\t<div class=\"elementor-element elementor-element-10832d5 elementor-widget elementor-widget-text-editor\" data-id=\"10832d5\" data-element_type=\"widget\" data-widget_type=\"text-editor.default\">\n\t\t\t\t<div class=\"elementor-widget-container\">\n\t\t\t\t\t\t\t\t<div class=\"elementor-text-editor elementor-clearfix\">\n\t\t\t\t<table width=\"100%\"><tbody><tr><td colspan=\"2\" width=\"312\"><h3>Second Round<\/h3><\/td><td width=\"228\">\u00a0<\/td><\/tr><tr><td colspan=\"2\"><h4>June 13th<\/h4><\/td><td>\u00a0<\/td><\/tr><tr><td>\u00a0<\/td><td><strong>Singer<\/strong><\/td><td><strong>Pianist<\/strong><\/td><\/tr><tr><td>11.00<\/td><td>Chen Xu<\/td><td>Kirill Kozlovski<\/td><\/tr><tr><td>11.25<\/td><td>Sarah Yang<\/td><td>Magnus Svensson<\/td><\/tr><tr><td>11.50<\/td><td>Yauhenia Babich<\/td><td>Kirill Kozlovski<\/td><\/tr><tr><td>12.15<\/td><td>Erika Back<\/td><td>Kirill Kozlovski<\/td><\/tr><tr><td colspan=\"2\"><strong><br \/>Lunch 12.40-13.40<br \/><br \/><\/strong><\/td><td>\u00a0<\/td><\/tr><tr><td>13.40<\/td><td>Ang Du<\/td><td>Kirill Kozlovski<\/td><\/tr><tr><td>14.05<\/td><td>Sebastian Duran<\/td><td>Magnus Svensson<\/td><\/tr><tr><td>14.30<\/td><td>Zaza Gagua<\/td><td>Kirill Kozlovski<\/td><\/tr><tr><td>14.55<\/td><td>Helena Gedda<\/td><td>Magnus Svensson<\/td><\/tr><tr><td colspan=\"2\"><strong><strong><br \/>Coffee break\u00a0 15.20-15.50<br \/><br \/><\/strong><\/strong><\/td><td>\u00a0<\/td><\/tr><tr><td>15.50<\/td><td>Yohan John Ji<\/td><td>Magnus Svensson<\/td><\/tr><tr><td>16.15<\/td><td>Leo Jaewon Jung<\/td><td>Magnus Svensson<\/td><\/tr><tr><td>16.40<\/td><td>Joonyeop Kim<\/td><td>Magnus Svensson<\/td><\/tr><tr><td>17.05<\/td><td>Changdai Park<\/td><td>Kirill Kozlovski<\/td><\/tr><tr><td colspan=\"2\"><h4>June 14th<\/h4><\/td><td>\u00a0<\/td><\/tr><tr><td>\u00a0<\/td><td><strong>Singer<\/strong><\/td><td><strong>Pianist<\/strong><\/td><\/tr><tr><td>11.00<\/td><td>Kyeyeong Kim<\/td><td>Kirill Kozlovski<\/td><\/tr><tr><td>11.25<\/td><td>Taseup Kim<\/td><td>Magnus Svensson<\/td><\/tr><tr><td>11.50<\/td><td>Victoria Seungri Kim<\/td><td>Magnus Svensson<\/td><\/tr><tr><td>12.15<\/td><td>Cecile Lastchenko<\/td><td>Kirill Kozlovski<\/td><\/tr><tr><td colspan=\"2\"><strong><strong><br \/>Lunch\u00a0 12.40-13.40<\/strong><\/strong><p>\u00a0<\/p><\/td><td>\u00a0<\/td><\/tr><tr><td>13.40<\/td><td>Dongmin Lee<\/td><td>Magnus Svensson<\/td><\/tr><tr><td>14.05<\/td><td>Abigail Levis<\/td><td>Kirill Kozlovski<\/td><\/tr><tr><td>14.30<\/td><td>Martin Lissel<\/td><td>Magnus Svensson<\/td><\/tr><tr><td>14.55<\/td><td>Assuntha Overvliet<\/td><td>Kirill Kozlovski<\/td><\/tr><tr><td colspan=\"2\"><strong><strong><br \/>Coffee break\u00a0 15.20-15.50<\/strong><\/strong><p>\u00a0<\/p><\/td><td>\u00a0<\/td><\/tr><tr><td>15.50<\/td><td>Heejin Park<\/td><td>Magnus Svensson<\/td><\/tr><tr><td>16.15<\/td><td>Clarke Ruth<\/td><td>Kirill Kozlovski<\/td><\/tr><tr><td>16.40<\/td><td>Marie Dominique Ryckmanns<\/td><td>Kirill Kozlovski<\/td><\/tr><tr><td colspan=\"2\"><h4>June 15th<\/h4><\/td><td>\u00a0<\/td><\/tr><tr><td>\u00a0<\/td><td><strong>Singer<\/strong><\/td><td><strong>Pianist<\/strong><\/td><\/tr><tr><td>11.00<\/td><td>Daniela Stoll<\/td><td>Magnus Svensson<\/td><\/tr><tr><td>11.25<\/td><td>Emma Sventelius<\/td><td>Magnus Svensson<\/td><\/tr><tr><td>11.50<\/td><td>Vera Talerko<\/td><td>Gintare-Elena Macijauskaite<\/td><\/tr><tr><td>12.15<\/td><td>Rebecka Wallroth<\/td><td>Magnus Svensson<\/td><\/tr><tr><td colspan=\"2\"><strong><strong><br \/>Lunch 13.05-14.15<\/strong><\/strong><p>\u00a0<\/p><\/td><td>\u00a0<\/td><\/tr><tr><td colspan=\"3\">The name of the finalists, will be announced by Sonja Stenhammar in the main foyer,<\/td><\/tr><tr><td colspan=\"3\">as soon as possible possible after the jury meeting. You can also get the same<\/td><\/tr><tr><td colspan=\"3\">information from our homepage www.stenhammarcompetition.se<\/td><\/tr><tr><td>\u00a0<\/td><td>\u00a0<\/td><td>\u00a0<\/td><\/tr><tr><td colspan=\"3\">The jurymembers will be sitting in the main foyer for consulting<\/td><\/tr><tr><td colspan=\"2\">approx. from 15.00<\/td><td>\u00a0<\/td><\/tr><\/tbody><\/table>\t\t\t\t\t<\/div>\n\t\t\t\t\t\t<\/div>\n\t\t\t\t<\/div>\n\t\t\t\t\t\t<\/div>\n\t\t\t\t\t<\/div>\n\t\t<\/div>\n\t\t\t\t<div class=\"elementor-column elementor-col-33 elementor-top-column elementor-element elementor-element-a502d2e feather\" data-id=\"a502d2e\" data-element_type=\"column\">\n\t\t\t<div class=\"elementor-column-wrap elementor-element-populated\">\n\t\t\t\t\t\t\t<div class=\"elementor-widget-wrap\">\n\t\t\t\t\t\t<div class=\"elementor-element elementor-element-7a51e2d elementor-widget elementor-widget-image\" data-id=\"7a51e2d\" data-element_type=\"widget\" data-widget_type=\"image.default\">\n\t\t\t\t<div class=\"elementor-widget-container\">\n\t\t\t\t\t\t\t\t<div class=\"elementor-image\">\n\t\t\t\t\t\t\t\t\t\t\t\t<img decoding=\"async\" width=\"144\" height=\"336\" src=\"https:\/\/www.stenhammarcompetition.se\/wp-content\/uploads\/2019\/09\/feather.png\" class=\"attachment-large size-large wp-image-174\" alt=\"Stenhammar logo feather\" loading=\"lazy\" srcset=\"https:\/\/www.stenhammarcompetition.se\/wp-content\/uploads\/2019\/09\/feather.png 144w, https:\/\/www.stenhammarcompetition.se\/wp-content\/uploads\/2019\/09\/feather-129x300.png 129w\" sizes=\"(max-width: 144px) 100vw, 144px\" \/>\t\t\t\t\t\t\t\t\t\t\t\t\t\t<\/div>\n\t\t\t\t\t\t<\/div>\n\t\t\t\t<\/div>\n\t\t\t\t\t\t<\/div>\n\t\t\t\t\t<\/div>\n\t\t<\/div>\n\t\t\t\t\t\t\t\t<\/div>\n\t\t\t\t\t<\/div>\n\t\t<\/section>\n\t\t\t\t\t\t\t\t\t<\/div>\n\t\t\t<\/div>\n\t\t\t\t\t<\/div>\n\t\t","protected":false},"excerpt":{"rendered":"<p>T\u00e4vlingsschema T\u00e4vlingsschema Second Round \u00a0 June 13th \u00a0 \u00a0 Singer Pianist 11.00 Chen Xu Kirill Kozlovski 11.25 Sarah Yang Magnus Svensson 11.50 Yauhenia Babich Kirill Kozlovski 12.15 Erika Back Kirill Kozlovski Lunch 12.40-13.40 \u00a0 13.40 Ang Du Kirill Kozlovski 14.05 Sebastian Duran Magnus Svensson 14.30 Zaza Gagua Kirill Kozlovski 14.55 Helena Gedda Magnus Svensson Coffee [&hellip;]<\/p>\n","protected":false},"author":1,"featured_media":0,"parent":0,"menu_order":0,"comment_status":"closed","ping_status":"closed","template":"","meta":[],"acf":[],"yoast_head":"<!-- This site is optimized with the Yoast SEO plugin v20.9 - https:\/\/yoast.com\/wordpress\/plugins\/seo\/ -->\n<title>T\u00e4vlingsschema - WSIMC<\/title>\n<meta name=\"robots\" content=\"index, follow, max-snippet:-1, max-image-preview:large, max-video-preview:-1\" \/>\n<link rel=\"canonical\" href=\"https:\/\/www.stenhammarcompetition.se\/sv\/tavlingsschema\/\" \/>\n<meta property=\"og:locale\" content=\"sv_SE\" \/>\n<meta property=\"og:type\" content=\"article\" \/>\n<meta property=\"og:title\" content=\"T\u00e4vlingsschema - WSIMC\" \/>\n<meta property=\"og:description\" content=\"T\u00e4vlingsschema T\u00e4vlingsschema Second Round \u00a0 June 13th \u00a0 \u00a0 Singer Pianist 11.00 Chen Xu Kirill Kozlovski 11.25 Sarah Yang Magnus Svensson 11.50 Yauhenia Babich Kirill Kozlovski 12.15 Erika Back Kirill Kozlovski Lunch 12.40-13.40 \u00a0 13.40 Ang Du Kirill Kozlovski 14.05 Sebastian Duran Magnus Svensson 14.30 Zaza Gagua Kirill Kozlovski 14.55 Helena Gedda Magnus Svensson Coffee [&hellip;]\" \/>\n<meta property=\"og:url\" content=\"https:\/\/www.stenhammarcompetition.se\/sv\/tavlingsschema\/\" \/>\n<meta property=\"og:site_name\" content=\"WSIMC\" \/>\n<meta property=\"article:modified_time\" content=\"2022-06-12T15:38:23+00:00\" \/>\n<meta property=\"og:image\" content=\"https:\/\/www.stenhammarcompetition.se\/wp-content\/uploads\/2019\/09\/feather.png\" \/>\n<meta name=\"twitter:card\" content=\"summary_large_image\" \/>\n<meta name=\"twitter:label1\" content=\"Ber\u00e4knad l\u00e4stid\" \/>\n\t<meta name=\"twitter:data1\" content=\"2 minuter\" \/>\n<script type=\"application\/ld+json\" class=\"yoast-schema-graph\">{\"@context\":\"https:\/\/schema.org\",\"@graph\":[{\"@type\":\"WebPage\",\"@id\":\"https:\/\/www.stenhammarcompetition.se\/sv\/tavlingsschema\/\",\"url\":\"https:\/\/www.stenhammarcompetition.se\/sv\/tavlingsschema\/\",\"name\":\"T\u00e4vlingsschema - WSIMC\",\"isPartOf\":{\"@id\":\"https:\/\/www.stenhammarcompetition.se\/sv\/#website\"},\"datePublished\":\"2022-05-19T12:16:30+00:00\",\"dateModified\":\"2022-06-12T15:38:23+00:00\",\"breadcrumb\":{\"@id\":\"https:\/\/www.stenhammarcompetition.se\/sv\/tavlingsschema\/#breadcrumb\"},\"inLanguage\":\"sv-SE\",\"potentialAction\":[{\"@type\":\"ReadAction\",\"target\":[\"https:\/\/www.stenhammarcompetition.se\/sv\/tavlingsschema\/\"]}]},{\"@type\":\"BreadcrumbList\",\"@id\":\"https:\/\/www.stenhammarcompetition.se\/sv\/tavlingsschema\/#breadcrumb\",\"itemListElement\":[{\"@type\":\"ListItem\",\"position\":1,\"name\":\"WSIMC\",\"item\":\"https:\/\/www.stenhammarcompetition.se\/sv\/\"},{\"@type\":\"ListItem\",\"position\":2,\"name\":\"T\u00e4vlingsschema\"}]},{\"@type\":\"WebSite\",\"@id\":\"https:\/\/www.stenhammarcompetition.se\/sv\/#website\",\"url\":\"https:\/\/www.stenhammarcompetition.se\/sv\/\",\"name\":\"WSIMC\",\"description\":\"Wilhelm Stenhammar International Music Competition\",\"potentialAction\":[{\"@type\":\"SearchAction\",\"target\":{\"@type\":\"EntryPoint\",\"urlTemplate\":\"https:\/\/www.stenhammarcompetition.se\/sv\/?s={search_term_string}\"},\"query-input\":\"required name=search_term_string\"}],\"inLanguage\":\"sv-SE\"}]}<\/script>\n<!-- \/ Yoast SEO plugin. -->","yoast_head_json":{"title":"T\u00e4vlingsschema - WSIMC","robots":{"index":"index","follow":"follow","max-snippet":"max-snippet:-1","max-image-preview":"max-image-preview:large","max-video-preview":"max-video-preview:-1"},"canonical":"https:\/\/www.stenhammarcompetition.se\/sv\/tavlingsschema\/","og_locale":"sv_SE","og_type":"article","og_title":"T\u00e4vlingsschema - WSIMC","og_description":"T\u00e4vlingsschema T\u00e4vlingsschema Second Round \u00a0 June 13th \u00a0 \u00a0 Singer Pianist 11.00 Chen Xu Kirill Kozlovski 11.25 Sarah Yang Magnus Svensson 11.50 Yauhenia Babich Kirill Kozlovski 12.15 Erika Back Kirill Kozlovski Lunch 12.40-13.40 \u00a0 13.40 Ang Du Kirill Kozlovski 14.05 Sebastian Duran Magnus Svensson 14.30 Zaza Gagua Kirill Kozlovski 14.55 Helena Gedda Magnus Svensson Coffee [&hellip;]","og_url":"https:\/\/www.stenhammarcompetition.se\/sv\/tavlingsschema\/","og_site_name":"WSIMC","article_modified_time":"2022-06-12T15:38:23+00:00","og_image":[{"url":"https:\/\/www.stenhammarcompetition.se\/wp-content\/uploads\/2019\/09\/feather.png"}],"twitter_card":"summary_large_image","twitter_misc":{"Ber\u00e4knad l\u00e4stid":"2 minuter"},"schema":{"@context":"https:\/\/schema.org","@graph":[{"@type":"WebPage","@id":"https:\/\/www.stenhammarcompetition.se\/sv\/tavlingsschema\/","url":"https:\/\/www.stenhammarcompetition.se\/sv\/tavlingsschema\/","name":"T\u00e4vlingsschema - WSIMC","isPartOf":{"@id":"https:\/\/www.stenhammarcompetition.se\/sv\/#website"},"datePublished":"2022-05-19T12:16:30+00:00","dateModified":"2022-06-12T15:38:23+00:00","breadcrumb":{"@id":"https:\/\/www.stenhammarcompetition.se\/sv\/tavlingsschema\/#breadcrumb"},"inLanguage":"sv-SE","potentialAction":[{"@type":"ReadAction","target":["https:\/\/www.stenhammarcompetition.se\/sv\/tavlingsschema\/"]}]},{"@type":"BreadcrumbList","@id":"https:\/\/www.stenhammarcompetition.se\/sv\/tavlingsschema\/#breadcrumb","itemListElement":[{"@type":"ListItem","position":1,"name":"WSIMC","item":"https:\/\/www.stenhammarcompetition.se\/sv\/"},{"@type":"ListItem","position":2,"name":"T\u00e4vlingsschema"}]},{"@type":"WebSite","@id":"https:\/\/www.stenhammarcompetition.se\/sv\/#website","url":"https:\/\/www.stenhammarcompetition.se\/sv\/","name":"WSIMC","description":"Wilhelm Stenhammar International Music Competition","potentialAction":[{"@type":"SearchAction","target":{"@type":"EntryPoint","urlTemplate":"https:\/\/www.stenhammarcompetition.se\/sv\/?s={search_term_string}"},"query-input":"required name=search_term_string"}],"inLanguage":"sv-SE"}]}},"_links":{"self":[{"href":"https:\/\/www.stenhammarcompetition.se\/sv\/wp-json\/wp\/v2\/pages\/7519"}],"collection":[{"href":"https:\/\/www.stenhammarcompetition.se\/sv\/wp-json\/wp\/v2\/pages"}],"about":[{"href":"https:\/\/www.stenhammarcompetition.se\/sv\/wp-json\/wp\/v2\/types\/page"}],"author":[{"embeddable":true,"href":"https:\/\/www.stenhammarcompetition.se\/sv\/wp-json\/wp\/v2\/users\/1"}],"replies":[{"embeddable":true,"href":"https:\/\/www.stenhammarcompetition.se\/sv\/wp-json\/wp\/v2\/comments?post=7519"}],"version-history":[{"count":70,"href":"https:\/\/www.stenhammarcompetition.se\/sv\/wp-json\/wp\/v2\/pages\/7519\/revisions"}],"predecessor-version":[{"id":7678,"href":"https:\/\/www.stenhammarcompetition.se\/sv\/wp-json\/wp\/v2\/pages\/7519\/revisions\/7678"}],"wp:attachment":[{"href":"https:\/\/www.stenhammarcompetition.se\/sv\/wp-json\/wp\/v2\/media?parent=7519"}],"curies":[{"name":"wp","href":"https:\/\/api.w.org\/{rel}","templated":true}]}}