{"id":1467,"date":"2019-11-01T12:30:51","date_gmt":"2019-11-01T11:30:51","guid":{"rendered":"http:\/\/stenhammar.hamstage.hamrenmedia.se\/aktuell-tavling\/live\/"},"modified":"2022-06-13T14:29:44","modified_gmt":"2022-06-13T12:29:44","slug":"live","status":"publish","type":"page","link":"https:\/\/www.stenhammarcompetition.se\/sv\/aktuell-tavling\/live\/","title":{"rendered":"Live"},"content":{"rendered":"\t\t<div data-elementor-type=\"wp-page\" data-elementor-id=\"1467\" class=\"elementor elementor-1467 elementor-1371\">\n\t\t\t\t\t\t<div class=\"elementor-inner\">\n\t\t\t\t<div class=\"elementor-section-wrap\">\n\t\t\t\t\t\t\t\t\t<section class=\"elementor-section elementor-top-section elementor-element elementor-element-f8845d5 narrow elementor-section-boxed elementor-section-height-default elementor-section-height-default\" data-id=\"f8845d5\" data-element_type=\"section\">\n\t\t\t\t\t\t<div class=\"elementor-container elementor-column-gap-default\">\n\t\t\t\t\t\t\t<div class=\"elementor-row\">\n\t\t\t\t\t<div class=\"elementor-column elementor-col-100 elementor-top-column elementor-element elementor-element-01677d4\" data-id=\"01677d4\" data-element_type=\"column\">\n\t\t\t<div class=\"elementor-column-wrap elementor-element-populated\">\n\t\t\t\t\t\t\t<div class=\"elementor-widget-wrap\">\n\t\t\t\t\t\t<div class=\"elementor-element elementor-element-353df19 elementor-widget elementor-widget-heading\" data-id=\"353df19\" data-element_type=\"widget\" data-widget_type=\"heading.default\">\n\t\t\t\t<div class=\"elementor-widget-container\">\n\t\t\t<h1 class=\"elementor-heading-title elementor-size-default\">F\u00f6lj t\u00e4vlingen live<\/h1>\t\t<\/div>\n\t\t\t\t<\/div>\n\t\t\t\t<div class=\"elementor-element elementor-element-fea8566 pre elementor-widget elementor-widget-text-editor\" data-id=\"fea8566\" data-element_type=\"widget\" data-widget_type=\"text-editor.default\">\n\t\t\t\t<div class=\"elementor-widget-container\">\n\t\t\t\t\t\t\t\t<div class=\"elementor-text-editor elementor-clearfix\">\n\t\t\t\t<p>Under t\u00e4vlingen kommer du kunna f\u00f6lja den live via tj\u00e4nsten <a href=\"https:\/\/vimeo.com\/user177958193\" target=\"_blank\" rel=\"noopener\">Vimeo.<\/a> Bes\u00f6k denna sida n\u00e4r det b\u00f6rjar n\u00e4rma sig f\u00f6r mer information<\/p>\t\t\t\t\t<\/div>\n\t\t\t\t\t\t<\/div>\n\t\t\t\t<\/div>\n\t\t\t\t\t\t<\/div>\n\t\t\t\t\t<\/div>\n\t\t<\/div>\n\t\t\t\t\t\t\t\t<\/div>\n\t\t\t\t\t<\/div>\n\t\t<\/section>\n\t\t\t\t\t\t\t\t\t<\/div>\n\t\t\t<\/div>\n\t\t\t\t\t<\/div>\n\t\t","protected":false},"excerpt":{"rendered":"<p>F\u00f6lj t\u00e4vlingen live Under t\u00e4vlingen kommer du kunna f\u00f6lja den live via tj\u00e4nsten Vimeo. Bes\u00f6k denna sida n\u00e4r det b\u00f6rjar n\u00e4rma sig f\u00f6r mer information<\/p>\n","protected":false},"author":1,"featured_media":0,"parent":1115,"menu_order":0,"comment_status":"closed","ping_status":"closed","template":"","meta":[],"acf":[],"yoast_head":"<!-- This site is optimized with the Yoast SEO plugin v20.9 - https:\/\/yoast.com\/wordpress\/plugins\/seo\/ -->\n<title>Live - WSIMC WSIMC<\/title>\n<meta name=\"description\" content=\"Under t\u00e4vlingen kommer du kunna f\u00f6lja den live. Bes\u00f6k denna sida n\u00e4r det b\u00f6rjar n\u00e4rma sig f\u00f6r mer information. V\u00e4lkommen till WSIMC!\" \/>\n<meta name=\"robots\" content=\"index, follow, max-snippet:-1, max-image-preview:large, max-video-preview:-1\" \/>\n<link rel=\"canonical\" href=\"https:\/\/www.stenhammarcompetition.se\/sv\/aktuell-tavling\/live\/\" \/>\n<meta property=\"og:locale\" content=\"sv_SE\" \/>\n<meta property=\"og:type\" content=\"article\" \/>\n<meta property=\"og:title\" content=\"Live - WSIMC WSIMC\" \/>\n<meta property=\"og:description\" content=\"Under t\u00e4vlingen kommer du kunna f\u00f6lja den live. Bes\u00f6k denna sida n\u00e4r det b\u00f6rjar n\u00e4rma sig f\u00f6r mer information. V\u00e4lkommen till WSIMC!\" \/>\n<meta property=\"og:url\" content=\"https:\/\/www.stenhammarcompetition.se\/sv\/aktuell-tavling\/live\/\" \/>\n<meta property=\"og:site_name\" content=\"WSIMC\" \/>\n<meta property=\"article:modified_time\" content=\"2022-06-13T12:29:44+00:00\" \/>\n<meta name=\"twitter:card\" content=\"summary_large_image\" \/>\n<meta name=\"twitter:label1\" content=\"Ber\u00e4knad l\u00e4stid\" \/>\n\t<meta name=\"twitter:data1\" content=\"1 minut\" \/>\n<script type=\"application\/ld+json\" class=\"yoast-schema-graph\">{\"@context\":\"https:\/\/schema.org\",\"@graph\":[{\"@type\":\"WebPage\",\"@id\":\"https:\/\/www.stenhammarcompetition.se\/sv\/aktuell-tavling\/live\/\",\"url\":\"https:\/\/www.stenhammarcompetition.se\/sv\/aktuell-tavling\/live\/\",\"name\":\"Live - WSIMC WSIMC\",\"isPartOf\":{\"@id\":\"https:\/\/www.stenhammarcompetition.se\/sv\/#website\"},\"datePublished\":\"2019-11-01T11:30:51+00:00\",\"dateModified\":\"2022-06-13T12:29:44+00:00\",\"description\":\"Under t\u00e4vlingen kommer du kunna f\u00f6lja den live. Bes\u00f6k denna sida n\u00e4r det b\u00f6rjar n\u00e4rma sig f\u00f6r mer information. V\u00e4lkommen till WSIMC!\",\"breadcrumb\":{\"@id\":\"https:\/\/www.stenhammarcompetition.se\/sv\/aktuell-tavling\/live\/#breadcrumb\"},\"inLanguage\":\"sv-SE\",\"potentialAction\":[{\"@type\":\"ReadAction\",\"target\":[\"https:\/\/www.stenhammarcompetition.se\/sv\/aktuell-tavling\/live\/\"]}]},{\"@type\":\"BreadcrumbList\",\"@id\":\"https:\/\/www.stenhammarcompetition.se\/sv\/aktuell-tavling\/live\/#breadcrumb\",\"itemListElement\":[{\"@type\":\"ListItem\",\"position\":1,\"name\":\"WSIMC\",\"item\":\"https:\/\/www.stenhammarcompetition.se\/sv\/\"},{\"@type\":\"ListItem\",\"position\":2,\"name\":\"Aktuell t\u00e4vling\",\"item\":\"https:\/\/www.stenhammarcompetition.se\/sv\/aktuell-tavling\/\"},{\"@type\":\"ListItem\",\"position\":3,\"name\":\"Live\"}]},{\"@type\":\"WebSite\",\"@id\":\"https:\/\/www.stenhammarcompetition.se\/sv\/#website\",\"url\":\"https:\/\/www.stenhammarcompetition.se\/sv\/\",\"name\":\"WSIMC\",\"description\":\"Wilhelm Stenhammar International Music Competition\",\"potentialAction\":[{\"@type\":\"SearchAction\",\"target\":{\"@type\":\"EntryPoint\",\"urlTemplate\":\"https:\/\/www.stenhammarcompetition.se\/sv\/?s={search_term_string}\"},\"query-input\":\"required name=search_term_string\"}],\"inLanguage\":\"sv-SE\"}]}<\/script>\n<!-- \/ Yoast SEO plugin. -->","yoast_head_json":{"title":"Live - WSIMC WSIMC","description":"Under t\u00e4vlingen kommer du kunna f\u00f6lja den live. Bes\u00f6k denna sida n\u00e4r det b\u00f6rjar n\u00e4rma sig f\u00f6r mer information. V\u00e4lkommen till WSIMC!","robots":{"index":"index","follow":"follow","max-snippet":"max-snippet:-1","max-image-preview":"max-image-preview:large","max-video-preview":"max-video-preview:-1"},"canonical":"https:\/\/www.stenhammarcompetition.se\/sv\/aktuell-tavling\/live\/","og_locale":"sv_SE","og_type":"article","og_title":"Live - WSIMC WSIMC","og_description":"Under t\u00e4vlingen kommer du kunna f\u00f6lja den live. Bes\u00f6k denna sida n\u00e4r det b\u00f6rjar n\u00e4rma sig f\u00f6r mer information. V\u00e4lkommen till WSIMC!","og_url":"https:\/\/www.stenhammarcompetition.se\/sv\/aktuell-tavling\/live\/","og_site_name":"WSIMC","article_modified_time":"2022-06-13T12:29:44+00:00","twitter_card":"summary_large_image","twitter_misc":{"Ber\u00e4knad l\u00e4stid":"1 minut"},"schema":{"@context":"https:\/\/schema.org","@graph":[{"@type":"WebPage","@id":"https:\/\/www.stenhammarcompetition.se\/sv\/aktuell-tavling\/live\/","url":"https:\/\/www.stenhammarcompetition.se\/sv\/aktuell-tavling\/live\/","name":"Live - WSIMC WSIMC","isPartOf":{"@id":"https:\/\/www.stenhammarcompetition.se\/sv\/#website"},"datePublished":"2019-11-01T11:30:51+00:00","dateModified":"2022-06-13T12:29:44+00:00","description":"Under t\u00e4vlingen kommer du kunna f\u00f6lja den live. Bes\u00f6k denna sida n\u00e4r det b\u00f6rjar n\u00e4rma sig f\u00f6r mer information. V\u00e4lkommen till WSIMC!","breadcrumb":{"@id":"https:\/\/www.stenhammarcompetition.se\/sv\/aktuell-tavling\/live\/#breadcrumb"},"inLanguage":"sv-SE","potentialAction":[{"@type":"ReadAction","target":["https:\/\/www.stenhammarcompetition.se\/sv\/aktuell-tavling\/live\/"]}]},{"@type":"BreadcrumbList","@id":"https:\/\/www.stenhammarcompetition.se\/sv\/aktuell-tavling\/live\/#breadcrumb","itemListElement":[{"@type":"ListItem","position":1,"name":"WSIMC","item":"https:\/\/www.stenhammarcompetition.se\/sv\/"},{"@type":"ListItem","position":2,"name":"Aktuell t\u00e4vling","item":"https:\/\/www.stenhammarcompetition.se\/sv\/aktuell-tavling\/"},{"@type":"ListItem","position":3,"name":"Live"}]},{"@type":"WebSite","@id":"https:\/\/www.stenhammarcompetition.se\/sv\/#website","url":"https:\/\/www.stenhammarcompetition.se\/sv\/","name":"WSIMC","description":"Wilhelm Stenhammar International Music Competition","potentialAction":[{"@type":"SearchAction","target":{"@type":"EntryPoint","urlTemplate":"https:\/\/www.stenhammarcompetition.se\/sv\/?s={search_term_string}"},"query-input":"required name=search_term_string"}],"inLanguage":"sv-SE"}]}},"_links":{"self":[{"href":"https:\/\/www.stenhammarcompetition.se\/sv\/wp-json\/wp\/v2\/pages\/1467"}],"collection":[{"href":"https:\/\/www.stenhammarcompetition.se\/sv\/wp-json\/wp\/v2\/pages"}],"about":[{"href":"https:\/\/www.stenhammarcompetition.se\/sv\/wp-json\/wp\/v2\/types\/page"}],"author":[{"embeddable":true,"href":"https:\/\/www.stenhammarcompetition.se\/sv\/wp-json\/wp\/v2\/users\/1"}],"replies":[{"embeddable":true,"href":"https:\/\/www.stenhammarcompetition.se\/sv\/wp-json\/wp\/v2\/comments?post=1467"}],"version-history":[{"count":11,"href":"https:\/\/www.stenhammarcompetition.se\/sv\/wp-json\/wp\/v2\/pages\/1467\/revisions"}],"predecessor-version":[{"id":7704,"href":"https:\/\/www.stenhammarcompetition.se\/sv\/wp-json\/wp\/v2\/pages\/1467\/revisions\/7704"}],"up":[{"embeddable":true,"href":"https:\/\/www.stenhammarcompetition.se\/sv\/wp-json\/wp\/v2\/pages\/1115"}],"wp:attachment":[{"href":"https:\/\/www.stenhammarcompetition.se\/sv\/wp-json\/wp\/v2\/media?parent=1467"}],"curies":[{"name":"wp","href":"https:\/\/api.w.org\/{rel}","templated":true}]}}