{"id":1168,"date":"2019-10-22T15:21:23","date_gmt":"2019-10-22T13:21:23","guid":{"rendered":"http:\/\/stenhammar.hamstage.hamrenmedia.se\/om-wsmic\/cookies-privacy-policy\/"},"modified":"2023-09-27T09:37:18","modified_gmt":"2023-09-27T07:37:18","slug":"cookies-privacy-policy","status":"publish","type":"page","link":"https:\/\/www.stenhammarcompetition.se\/sv\/om-wsimc\/cookies-privacy-policy\/","title":{"rendered":"Cookies \/ Privacy Policy"},"content":{"rendered":"\t\t<div data-elementor-type=\"wp-page\" data-elementor-id=\"1168\" class=\"elementor elementor-1168 elementor-3\">\n\t\t\t\t\t\t<div class=\"elementor-inner\">\n\t\t\t\t<div class=\"elementor-section-wrap\">\n\t\t\t\t\t\t\t\t\t<section class=\"elementor-section elementor-top-section elementor-element elementor-element-66ea54e9 top-section subpage elementor-section-boxed elementor-section-height-default elementor-section-height-default\" data-id=\"66ea54e9\" data-element_type=\"section\" data-settings=\"{&quot;background_background&quot;:&quot;classic&quot;}\">\n\t\t\t\t\t\t<div class=\"elementor-container elementor-column-gap-default\">\n\t\t\t\t\t\t\t<div class=\"elementor-row\">\n\t\t\t\t\t<div class=\"elementor-column elementor-col-100 elementor-top-column elementor-element elementor-element-32148ea7 top-image\" data-id=\"32148ea7\" data-element_type=\"column\" data-settings=\"{&quot;background_background&quot;:&quot;classic&quot;}\">\n\t\t\t<div class=\"elementor-column-wrap elementor-element-populated\">\n\t\t\t\t\t\t\t<div class=\"elementor-widget-wrap\">\n\t\t\t\t\t\t<div class=\"elementor-element elementor-element-4a0007e4 elementor-widget elementor-widget-breadcrumbs\" data-id=\"4a0007e4\" data-element_type=\"widget\" data-widget_type=\"breadcrumbs.default\">\n\t\t\t\t<div class=\"elementor-widget-container\">\n\t\t\t<p id=\"breadcrumbs\"><span><span><a href=\"https:\/\/www.stenhammarcompetition.se\/sv\/\">WSIMC<\/a><\/span><\/span><\/p>\t\t<\/div>\n\t\t\t\t<\/div>\n\t\t\t\t<div class=\"elementor-element elementor-element-72f88607 light-button elementor-widget elementor-widget-button\" data-id=\"72f88607\" data-element_type=\"widget\" data-widget_type=\"button.default\">\n\t\t\t\t<div class=\"elementor-widget-container\">\n\t\t\t\t\t<div class=\"elementor-button-wrapper\">\n\t\t\t<a href=\"#cookies\" class=\"elementor-button-link elementor-button elementor-size-sm\" role=\"button\">\n\t\t\t\t\t\t<span class=\"elementor-button-content-wrapper\">\n\t\t\t\t\t\t\t<span class=\"elementor-button-icon elementor-align-icon-left\">\n\t\t\t\t<i aria-hidden=\"true\" class=\"fas fa-long-arrow-alt-down\"><\/i>\t\t\t<\/span>\n\t\t\t\t\t\t<span class=\"elementor-button-text\">L\u00e4s mer<\/span>\n\t\t<\/span>\n\t\t\t\t\t<\/a>\n\t\t<\/div>\n\t\t\t\t<\/div>\n\t\t\t\t<\/div>\n\t\t\t\t\t\t<\/div>\n\t\t\t\t\t<\/div>\n\t\t<\/div>\n\t\t\t\t\t\t\t\t<\/div>\n\t\t\t\t\t<\/div>\n\t\t<\/section>\n\t\t\t\t<section class=\"elementor-section elementor-top-section elementor-element elementor-element-3f23f35b ingress-section narrow top-section subpage elementor-section-boxed elementor-section-height-default elementor-section-height-default\" data-id=\"3f23f35b\" data-element_type=\"section\">\n\t\t\t\t\t\t<div class=\"elementor-container elementor-column-gap-default\">\n\t\t\t\t\t\t\t<div class=\"elementor-row\">\n\t\t\t\t\t<div class=\"elementor-column elementor-col-66 elementor-top-column elementor-element elementor-element-2cc0842e\" data-id=\"2cc0842e\" data-element_type=\"column\">\n\t\t\t<div class=\"elementor-column-wrap elementor-element-populated\">\n\t\t\t\t\t\t\t<div class=\"elementor-widget-wrap\">\n\t\t\t\t\t\t<div class=\"elementor-element elementor-element-416c4e6b elementor-widget elementor-widget-heading\" data-id=\"416c4e6b\" data-element_type=\"widget\" data-widget_type=\"heading.default\">\n\t\t\t\t<div class=\"elementor-widget-container\">\n\t\t\t<h1 class=\"elementor-heading-title elementor-size-default\">Cookies & Integritetspolicy<\/h1>\t\t<\/div>\n\t\t\t\t<\/div>\n\t\t\t\t<div class=\"elementor-element elementor-element-2a8dc423 pre elementor-widget elementor-widget-text-editor\" data-id=\"2a8dc423\" data-element_type=\"widget\" data-widget_type=\"text-editor.default\">\n\t\t\t\t<div class=\"elementor-widget-container\">\n\t\t\t\t\t\t\t\t<div class=\"elementor-text-editor elementor-clearfix\">\n\t\t\t\t<p>F\u00f6r att f\u00e5 den h\u00e4r webbplatsen att fungera ordentligt anv\u00e4nder vi oss av cookies. Cookies \u00e4r sm\u00e5 textfiler som lagras i din dator. Ofta handlar det om s\u00e4rskild information, s\u00e5 som f\u00f6rvalda spr\u00e5kinst\u00e4llningar, som tack vare cookies snabbt kan \u00e5terl\u00e4sas n\u00e4sta g\u00e5ng du bes\u00f6ker v\u00e5r hemsida.<\/p>\n\t\t\t\t\t<\/div>\n\t\t\t\t\t\t<\/div>\n\t\t\t\t<\/div>\n\t\t\t\t\t\t<\/div>\n\t\t\t\t\t<\/div>\n\t\t<\/div>\n\t\t\t\t<div class=\"elementor-column elementor-col-33 elementor-top-column elementor-element elementor-element-6c85621f feather\" data-id=\"6c85621f\" data-element_type=\"column\">\n\t\t\t<div class=\"elementor-column-wrap elementor-element-populated\">\n\t\t\t\t\t\t\t<div class=\"elementor-widget-wrap\">\n\t\t\t\t\t\t<div class=\"elementor-element elementor-element-2487da9b elementor-widget elementor-widget-image\" data-id=\"2487da9b\" data-element_type=\"widget\" data-widget_type=\"image.default\">\n\t\t\t\t<div class=\"elementor-widget-container\">\n\t\t\t\t\t\t\t\t<div class=\"elementor-image\">\n\t\t\t\t\t\t\t\t\t\t\t\t<img decoding=\"async\" width=\"144\" height=\"336\" src=\"https:\/\/www.stenhammarcompetition.se\/wp-content\/uploads\/2019\/09\/feather.png\" class=\"attachment-large size-large wp-image-174\" alt=\"Stenhammar logo feather\" loading=\"lazy\" srcset=\"https:\/\/www.stenhammarcompetition.se\/wp-content\/uploads\/2019\/09\/feather.png 144w, https:\/\/www.stenhammarcompetition.se\/wp-content\/uploads\/2019\/09\/feather-129x300.png 129w\" sizes=\"(max-width: 144px) 100vw, 144px\" \/>\t\t\t\t\t\t\t\t\t\t\t\t\t\t<\/div>\n\t\t\t\t\t\t<\/div>\n\t\t\t\t<\/div>\n\t\t\t\t\t\t<\/div>\n\t\t\t\t\t<\/div>\n\t\t<\/div>\n\t\t\t\t\t\t\t\t<\/div>\n\t\t\t\t\t<\/div>\n\t\t<\/section>\n\t\t\t\t<section class=\"elementor-section elementor-top-section elementor-element elementor-element-8c34010 narrow two-col elementor-section-boxed elementor-section-height-default elementor-section-height-default\" data-id=\"8c34010\" data-element_type=\"section\" id=\"cookies\">\n\t\t\t\t\t\t<div class=\"elementor-container elementor-column-gap-default\">\n\t\t\t\t\t\t\t<div class=\"elementor-row\">\n\t\t\t\t\t<div class=\"elementor-column elementor-col-100 elementor-top-column elementor-element elementor-element-03a3cbe\" data-id=\"03a3cbe\" data-element_type=\"column\">\n\t\t\t<div class=\"elementor-column-wrap elementor-element-populated\">\n\t\t\t\t\t\t\t<div class=\"elementor-widget-wrap\">\n\t\t\t\t\t\t<div class=\"elementor-element elementor-element-570b769 elementor-widget elementor-widget-heading\" data-id=\"570b769\" data-element_type=\"widget\" data-widget_type=\"heading.default\">\n\t\t\t\t<div class=\"elementor-widget-container\">\n\t\t\t<h2 class=\"elementor-heading-title elementor-size-default\">Cookies<\/h2>\t\t<\/div>\n\t\t\t\t<\/div>\n\t\t\t\t<div class=\"elementor-element elementor-element-f08ddef elementor-widget elementor-widget-text-editor\" data-id=\"f08ddef\" data-element_type=\"widget\" data-widget_type=\"text-editor.default\">\n\t\t\t\t<div class=\"elementor-widget-container\">\n\t\t\t\t\t\t\t\t<div class=\"elementor-text-editor elementor-clearfix\">\n\t\t\t\t<p>Det finns tre typer av cookies: permanenta cookies, tempor\u00e4ra cookies samt cookies fr\u00e5n tredje part.<\/p>\n<p><strong>Permanenta cookies<\/strong> lagras p\u00e5 datorn eller i mobilen under en l\u00e4ngre period. De har ett f\u00f6rinst\u00e4llt datum och raderas n\u00e4r datumet infaller. De kan lagras h\u00f6gst i 24 m\u00e5nader.<\/p>\n<p><strong>Tempor\u00e4ra cookies<\/strong> lagras tillf\u00e4lligt p\u00e5 datorn eller i mobilen n\u00e4r du bes\u00f6ker en webbplats. De raderas s\u00e5 fort du st\u00e4nger ner sidan.<\/p>\n<p><strong>Cookies fr\u00e5n tredje part<\/strong> kommer, precis som namnet antyder, fr\u00e5n en annan webbplats \u00e4n den som placerat kakan i anv\u00e4ndarens dator. Denna typ av cookie har till syfte att samla in statistik om bes\u00f6karnas aktivitet p\u00e5 n\u00e4tet.<\/p>\n<p>K\u00e4lla: <a href=\"http:\/\/cookielagen.se\/fragor-och-svar\/\" target=\"_blank\" rel=\"noopener\">http:\/\/cookielagen.se\/fragor-och-svar\/<\/a><\/p>\n<h3>Cookies som beh\u00f6vs f\u00f6r att v\u00e5r webbplats ska fungera<\/h3>\n<p>N\u00f6dv\u00e4ndiga cookies beh\u00f6vs f\u00f6r att du ska kunna anv\u00e4nda v\u00e5r webbplats p\u00e5 ett optimalt s\u00e4tt. De n\u00f6dv\u00e4ndiga cookies vi anv\u00e4nder p\u00e5 v\u00e5r webbplats \u00e4r:<\/p>\n<h4>Inst\u00e4llningar f\u00f6r cookies<\/h4>\n<p>F\u00f6r att du ska slippa g\u00f6ra inst\u00e4llningen f\u00f6r cookies varje g\u00e5ng du bes\u00f6ker v\u00e5r webbplats, sparar vi dina preferenser i en cookie. Ingen \u00f6vrig information om dig sparas i denna cookie. Dina inst\u00e4llningar sparas i 30 dagar.<\/p>\n<h3>Cookies f\u00f6r webbanalys<\/h3>\n<p>Cookies som anv\u00e4nds f\u00f6r webbanalys kan spara information om ditt anv\u00e4ndande av webbplatsen. Denna data \u00e4r anonym, och anv\u00e4nds f\u00f6r att vi ska kunna m\u00e4ta prestanda f\u00f6r att f\u00f6rb\u00e4ttra din upplevelse. De cookies f\u00f6r webbanalys som anv\u00e4nds p\u00e5 v\u00e5r webbplats \u00e4r:<\/p>\n<h4>Google analytics<\/h4>\n<p>Webbplatsen anv\u00e4nder Google Analytics, vilket \u00e4r en tj\u00e4nst f\u00f6r webbanalys tillhandah\u00e5llen av Google Inc., 1600 Amphitheatre Parkway, Mountain View, CA 94043, United States (\u201cGoogle\u201d).<\/p>\n<p>Om du godk\u00e4nner att cookies lagras kommer Google att samla information om hur du anv\u00e4nder webbplatsen, i form av till exempel vilka sidor du bes\u00f6kt, vilka spr\u00e5kinst\u00e4llningar du har, ditt operativsystem m.m. Datan som samlas in \u00e4r anonym f\u00f6r oss och anv\u00e4nds enbart i statistiskt syfte.<\/p>\n<h3>\u00c4ndra dina cookies-inst\u00e4llningar p\u00e5 v\u00e5r webbplats<\/h3>\n<p>Du kan n\u00e4r som helst \u00e4ndra dina cookies-preferenser genom kryssa ur rutan h\u00e4r nedan. Dina inst\u00e4llningar sparas i 30 dagar.<\/p>\n\t<div class=\"cookie-consent\">\n\t\t<form method=\"GET\" action=\"\">\n\t\t\t<div class='cookie_settings'>\n\t\t\t\t<input type='hidden' name=\"settings\" value=\"open\">\n\t\t\t\t<input type='submit' class='submit' value='Open cookie settings'>\n\t\t\t<\/div>\n\t\t<\/form>\n\t<\/div>\n\t\n\t\t\t\t\t<\/div>\n\t\t\t\t\t\t<\/div>\n\t\t\t\t<\/div>\n\t\t\t\t\t\t<\/div>\n\t\t\t\t\t<\/div>\n\t\t<\/div>\n\t\t\t\t\t\t\t\t<\/div>\n\t\t\t\t\t<\/div>\n\t\t<\/section>\n\t\t\t\t<section class=\"elementor-section elementor-top-section elementor-element elementor-element-d00fa50 narrow two-col elementor-section-boxed elementor-section-height-default elementor-section-height-default\" data-id=\"d00fa50\" data-element_type=\"section\">\n\t\t\t\t\t\t<div class=\"elementor-container elementor-column-gap-default\">\n\t\t\t\t\t\t\t<div class=\"elementor-row\">\n\t\t\t\t\t<div class=\"elementor-column elementor-col-100 elementor-top-column elementor-element elementor-element-da7eb41\" data-id=\"da7eb41\" data-element_type=\"column\">\n\t\t\t<div class=\"elementor-column-wrap elementor-element-populated\">\n\t\t\t\t\t\t\t<div class=\"elementor-widget-wrap\">\n\t\t\t\t\t\t<div class=\"elementor-element elementor-element-4209069 elementor-widget elementor-widget-heading\" data-id=\"4209069\" data-element_type=\"widget\" data-widget_type=\"heading.default\">\n\t\t\t\t<div class=\"elementor-widget-container\">\n\t\t\t<h2 class=\"elementor-heading-title elementor-size-default\">Integritetspolicy<\/h2>\t\t<\/div>\n\t\t\t\t<\/div>\n\t\t\t\t<div class=\"elementor-element elementor-element-75663fd elementor-widget elementor-widget-text-editor\" data-id=\"75663fd\" data-element_type=\"widget\" data-widget_type=\"text-editor.default\">\n\t\t\t\t<div class=\"elementor-widget-container\">\n\t\t\t\t\t\t\t\t<div class=\"elementor-text-editor elementor-clearfix\">\n\t\t\t\t<h3>Insamling av data<\/h3><p>WSIMC samlar in information fr\u00e5n dig n\u00e4r du ans\u00f6ker till t\u00e4vlingen p\u00e5 v\u00e5r hemsida <a href=\"https:\/\/www.stenhammarcompetition.se\/\">stenhammarcompetition.se<\/a>. Den insamlade informationen inkluderar all information du fyller i formul\u00e4ret. Informationen sparas efter t\u00e4vlingen i historiskt syfte.<\/p><h3>Anv\u00e4ndning av information och syfte<\/h3><p>Den information vi samlar in fr\u00e5n dig kan anv\u00e4ndas f\u00f6r att:<\/p><ul><li>Kontakta dig via e-post<\/li><li>Svara p\u00e5 fr\u00e5gor<\/li><li>Visa namn och foto p\u00e5 publika sidor p\u00e5 denna hemsida<\/li><li>Andra delar kopplade till t\u00e4vlingen<\/li><\/ul><h3>Utl\u00e4mnande till tredje part<\/h3><p>Vi kommer inte att s\u00e4lja, hyra ut eller p\u00e5 annat s\u00e4tt distribuera eller offentligg\u00f6ra dina personuppgifter. Detta inkluderar ej betrodd tredjepart som hj\u00e4lper oss att driva v\u00e5r verksamhet samt webbplats, med kravet att dessa parter godk\u00e4nner att h\u00e5lla informationen konfidentiell.<\/p><h3>\u00a0<\/h3><h3>Informationsskydd<\/h3><p>Vi vidtar en rad olika s\u00e4kerhets\u00e5tg\u00e4rder f\u00f6r att skydda dina personliga uppgifter. Vi anv\u00e4nder oss av krypteringsmetoder f\u00f6r att skydda k\u00e4nsliga uppgifter som \u00f6verf\u00f6rs \u00f6ver internet. Endast medarbetare som ska utr\u00e4tta specifika tj\u00e4nster f\u00e5r tillg\u00e5ng till personligt identifierbar information. De servrar som anv\u00e4nds f\u00f6r att lagra personligt identifierbar information lagras i en s\u00e4ker milj\u00f6.<\/p><h3>Radera personuppgifter<\/h3><p>Vi anv\u00e4nder den e-postadress du f\u00f6rser oss med f\u00f6r att skicka information till dig. Du kan n\u00e4r som helst kontakta oss p\u00e5 <a href=\"mailto:stenhammar@stenhammarcompetition.se\">stenhammar@stenhammarcompetition.se<\/a>\u00a0f\u00f6r att f\u00e5 information om vilka personuppgifter vi har sparat om dig eller om du vill att vi raderar dina personuppgifter.<\/p><h3>\u00c4ndringar<\/h3><p>Denna sekretesspolicy kan \u00e4ndras i takt med f\u00f6r\u00e4ndringar som sker p\u00e5 internet eller lagstiftning eller branschens utveckling. Vi kommer inte uttryckligen att informera v\u00e5ra kunder eller webbplatsanv\u00e4ndare om dessa \u00e4ndringar. Ist\u00e4llet rekommenderar vi att du kollar denna sida ibland f\u00f6r eventuella policy\u00e4ndringar.<\/p>\t\t\t\t\t<\/div>\n\t\t\t\t\t\t<\/div>\n\t\t\t\t<\/div>\n\t\t\t\t\t\t<\/div>\n\t\t\t\t\t<\/div>\n\t\t<\/div>\n\t\t\t\t\t\t\t\t<\/div>\n\t\t\t\t\t<\/div>\n\t\t<\/section>\n\t\t\t\t\t\t\t\t\t<\/div>\n\t\t\t<\/div>\n\t\t\t\t\t<\/div>\n\t\t","protected":false},"excerpt":{"rendered":"<p>L\u00e4s mer Cookies &#038; Integritetspolicy F\u00f6r att f\u00e5 den h\u00e4r webbplatsen att fungera ordentligt anv\u00e4nder vi oss av cookies. Cookies \u00e4r sm\u00e5 textfiler som lagras i din dator. Ofta handlar det om s\u00e4rskild information, s\u00e5 som f\u00f6rvalda spr\u00e5kinst\u00e4llningar, som tack vare cookies snabbt kan \u00e5terl\u00e4sas n\u00e4sta g\u00e5ng du bes\u00f6ker v\u00e5r hemsida. Cookies Det finns tre [&hellip;]<\/p>\n","protected":false},"author":1,"featured_media":0,"parent":792,"menu_order":0,"comment_status":"closed","ping_status":"open","template":"","meta":[],"acf":[],"yoast_head":"<!-- This site is optimized with the Yoast SEO plugin v20.9 - https:\/\/yoast.com\/wordpress\/plugins\/seo\/ -->\n<title>Cookies \/ Privacy Policy - WSIMC WSIMC<\/title>\n<meta name=\"description\" content=\"L\u00e4s om vilka cookies vi anv\u00e4nder samt hur vi lagrar din personliga information.\" \/>\n<meta name=\"robots\" content=\"index, follow, max-snippet:-1, max-image-preview:large, max-video-preview:-1\" \/>\n<link rel=\"canonical\" href=\"https:\/\/www.stenhammarcompetition.se\/sv\/om-wsimc\/cookies-privacy-policy\/\" \/>\n<meta property=\"og:locale\" content=\"sv_SE\" \/>\n<meta property=\"og:type\" content=\"article\" \/>\n<meta property=\"og:title\" content=\"Cookies \/ Privacy Policy - WSIMC WSIMC\" \/>\n<meta property=\"og:description\" content=\"L\u00e4s om vilka cookies vi anv\u00e4nder samt hur vi lagrar din personliga information.\" \/>\n<meta property=\"og:url\" content=\"https:\/\/www.stenhammarcompetition.se\/sv\/om-wsimc\/cookies-privacy-policy\/\" \/>\n<meta property=\"og:site_name\" content=\"WSIMC\" \/>\n<meta property=\"article:modified_time\" content=\"2023-09-27T07:37:18+00:00\" \/>\n<meta property=\"og:image\" content=\"https:\/\/www.stenhammarcompetition.se\/wp-content\/uploads\/2019\/09\/feather.png\" \/>\n<meta name=\"twitter:card\" content=\"summary_large_image\" \/>\n<meta name=\"twitter:label1\" content=\"Ber\u00e4knad l\u00e4stid\" \/>\n\t<meta name=\"twitter:data1\" content=\"4 minuter\" \/>\n<script type=\"application\/ld+json\" class=\"yoast-schema-graph\">{\"@context\":\"https:\/\/schema.org\",\"@graph\":[{\"@type\":\"WebPage\",\"@id\":\"https:\/\/www.stenhammarcompetition.se\/sv\/om-wsimc\/cookies-privacy-policy\/\",\"url\":\"https:\/\/www.stenhammarcompetition.se\/sv\/om-wsimc\/cookies-privacy-policy\/\",\"name\":\"Cookies \/ Privacy Policy - WSIMC WSIMC\",\"isPartOf\":{\"@id\":\"https:\/\/www.stenhammarcompetition.se\/sv\/#website\"},\"datePublished\":\"2019-10-22T13:21:23+00:00\",\"dateModified\":\"2023-09-27T07:37:18+00:00\",\"description\":\"L\u00e4s om vilka cookies vi anv\u00e4nder samt hur vi lagrar din personliga information.\",\"breadcrumb\":{\"@id\":\"https:\/\/www.stenhammarcompetition.se\/sv\/om-wsimc\/cookies-privacy-policy\/#breadcrumb\"},\"inLanguage\":\"sv-SE\",\"potentialAction\":[{\"@type\":\"ReadAction\",\"target\":[\"https:\/\/www.stenhammarcompetition.se\/sv\/om-wsimc\/cookies-privacy-policy\/\"]}]},{\"@type\":\"BreadcrumbList\",\"@id\":\"https:\/\/www.stenhammarcompetition.se\/sv\/om-wsimc\/cookies-privacy-policy\/#breadcrumb\",\"itemListElement\":[{\"@type\":\"ListItem\",\"position\":1,\"name\":\"WSIMC\",\"item\":\"https:\/\/www.stenhammarcompetition.se\/sv\/\"},{\"@type\":\"ListItem\",\"position\":2,\"name\":\"Om WSIMC\",\"item\":\"https:\/\/www.stenhammarcompetition.se\/sv\/about-wsimc\/\"},{\"@type\":\"ListItem\",\"position\":3,\"name\":\"Cookies \/ Privacy Policy\"}]},{\"@type\":\"WebSite\",\"@id\":\"https:\/\/www.stenhammarcompetition.se\/sv\/#website\",\"url\":\"https:\/\/www.stenhammarcompetition.se\/sv\/\",\"name\":\"WSIMC\",\"description\":\"Wilhelm Stenhammar International Music Competition\",\"potentialAction\":[{\"@type\":\"SearchAction\",\"target\":{\"@type\":\"EntryPoint\",\"urlTemplate\":\"https:\/\/www.stenhammarcompetition.se\/sv\/?s={search_term_string}\"},\"query-input\":\"required name=search_term_string\"}],\"inLanguage\":\"sv-SE\"}]}<\/script>\n<!-- \/ Yoast SEO plugin. -->","yoast_head_json":{"title":"Cookies \/ Privacy Policy - WSIMC WSIMC","description":"L\u00e4s om vilka cookies vi anv\u00e4nder samt hur vi lagrar din personliga information.","robots":{"index":"index","follow":"follow","max-snippet":"max-snippet:-1","max-image-preview":"max-image-preview:large","max-video-preview":"max-video-preview:-1"},"canonical":"https:\/\/www.stenhammarcompetition.se\/sv\/om-wsimc\/cookies-privacy-policy\/","og_locale":"sv_SE","og_type":"article","og_title":"Cookies \/ Privacy Policy - WSIMC WSIMC","og_description":"L\u00e4s om vilka cookies vi anv\u00e4nder samt hur vi lagrar din personliga information.","og_url":"https:\/\/www.stenhammarcompetition.se\/sv\/om-wsimc\/cookies-privacy-policy\/","og_site_name":"WSIMC","article_modified_time":"2023-09-27T07:37:18+00:00","og_image":[{"url":"https:\/\/www.stenhammarcompetition.se\/wp-content\/uploads\/2019\/09\/feather.png"}],"twitter_card":"summary_large_image","twitter_misc":{"Ber\u00e4knad l\u00e4stid":"4 minuter"},"schema":{"@context":"https:\/\/schema.org","@graph":[{"@type":"WebPage","@id":"https:\/\/www.stenhammarcompetition.se\/sv\/om-wsimc\/cookies-privacy-policy\/","url":"https:\/\/www.stenhammarcompetition.se\/sv\/om-wsimc\/cookies-privacy-policy\/","name":"Cookies \/ Privacy Policy - WSIMC WSIMC","isPartOf":{"@id":"https:\/\/www.stenhammarcompetition.se\/sv\/#website"},"datePublished":"2019-10-22T13:21:23+00:00","dateModified":"2023-09-27T07:37:18+00:00","description":"L\u00e4s om vilka cookies vi anv\u00e4nder samt hur vi lagrar din personliga information.","breadcrumb":{"@id":"https:\/\/www.stenhammarcompetition.se\/sv\/om-wsimc\/cookies-privacy-policy\/#breadcrumb"},"inLanguage":"sv-SE","potentialAction":[{"@type":"ReadAction","target":["https:\/\/www.stenhammarcompetition.se\/sv\/om-wsimc\/cookies-privacy-policy\/"]}]},{"@type":"BreadcrumbList","@id":"https:\/\/www.stenhammarcompetition.se\/sv\/om-wsimc\/cookies-privacy-policy\/#breadcrumb","itemListElement":[{"@type":"ListItem","position":1,"name":"WSIMC","item":"https:\/\/www.stenhammarcompetition.se\/sv\/"},{"@type":"ListItem","position":2,"name":"Om WSIMC","item":"https:\/\/www.stenhammarcompetition.se\/sv\/about-wsimc\/"},{"@type":"ListItem","position":3,"name":"Cookies \/ Privacy Policy"}]},{"@type":"WebSite","@id":"https:\/\/www.stenhammarcompetition.se\/sv\/#website","url":"https:\/\/www.stenhammarcompetition.se\/sv\/","name":"WSIMC","description":"Wilhelm Stenhammar International Music Competition","potentialAction":[{"@type":"SearchAction","target":{"@type":"EntryPoint","urlTemplate":"https:\/\/www.stenhammarcompetition.se\/sv\/?s={search_term_string}"},"query-input":"required name=search_term_string"}],"inLanguage":"sv-SE"}]}},"_links":{"self":[{"href":"https:\/\/www.stenhammarcompetition.se\/sv\/wp-json\/wp\/v2\/pages\/1168"}],"collection":[{"href":"https:\/\/www.stenhammarcompetition.se\/sv\/wp-json\/wp\/v2\/pages"}],"about":[{"href":"https:\/\/www.stenhammarcompetition.se\/sv\/wp-json\/wp\/v2\/types\/page"}],"author":[{"embeddable":true,"href":"https:\/\/www.stenhammarcompetition.se\/sv\/wp-json\/wp\/v2\/users\/1"}],"replies":[{"embeddable":true,"href":"https:\/\/www.stenhammarcompetition.se\/sv\/wp-json\/wp\/v2\/comments?post=1168"}],"version-history":[{"count":12,"href":"https:\/\/www.stenhammarcompetition.se\/sv\/wp-json\/wp\/v2\/pages\/1168\/revisions"}],"predecessor-version":[{"id":7967,"href":"https:\/\/www.stenhammarcompetition.se\/sv\/wp-json\/wp\/v2\/pages\/1168\/revisions\/7967"}],"up":[{"embeddable":true,"href":"https:\/\/www.stenhammarcompetition.se\/sv\/wp-json\/wp\/v2\/pages\/792"}],"wp:attachment":[{"href":"https:\/\/www.stenhammarcompetition.se\/sv\/wp-json\/wp\/v2\/media?parent=1168"}],"curies":[{"name":"wp","href":"https:\/\/api.w.org\/{rel}","templated":true}]}}